{"id":635,"date":"2021-09-03T21:16:23","date_gmt":"2021-09-03T19:16:23","guid":{"rendered":"https:\/\/lycee-valentine-labbe.fr\/wordpress\/?page_id=635"},"modified":"2025-09-11T10:45:20","modified_gmt":"2025-09-11T08:45:20","slug":"information-ent-espace-numerique-de-travail","status":"publish","type":"page","link":"https:\/\/lycee-valentine-labbe.fr\/wordpress\/information-ent-espace-numerique-de-travail\/","title":{"rendered":"Information ENT:  Espace Num\u00e9rique de Travail"},"content":{"rendered":"<h1 style=\"text-align: center;\"><span style=\"color: #000000;\"><strong>Compte EduConnect \/ ENT<\/strong><\/span><\/h1>\n<p style=\"text-align: center;\"><a href=\"https:\/\/connexion.enthdf.fr\/\">https:\/\/connexion.enthdf.fr\/<\/a><\/p>\n<p>&nbsp;<\/p>\n<div class=\"col-large\">\n<div class=\"post\">\n<div class=\"panel panel--outlined\">\n<div id=\"corps\" class=\"p-like wysiwyg\">\n<h2 class=\"format_h4\">Les comptes \u00c9l\u00e8ve &amp; Parent<\/h2>\n<p>Les comptes ENT sont les memes que le coll\u00e8ge et pendant toute la scolarit\u00e9 de votre enfant.<\/p>\n<p>Les comptes Parent sont \u00e0 cr\u00e9er par les responsables en suivant le FAQ<\/p>\n<ul>\n<li><a title=\"[nouvelle fen\u00eatre]\" href=\"https:\/\/moncompte.educonnect.education.gouv.fr\/educt-self-service\/oubliLogin\/recupererLoginResponsable\" target=\"_blank\" rel=\"noopener noreferrer\">El\u00e8ves &amp; Parent \u2013 Identifiant oubli\u00e9<\/a><\/li>\n<li><a title=\"[nouvelle fen\u00eatre]\" href=\"https:\/\/moncompte.educonnect.education.gouv.fr\/educt-self-service\/oubliMdp\/recupererMotDePasseResponsable\" target=\"_blank\" rel=\"noopener noreferrer\">El\u00e8ves &amp; Parent \u2013 Mot de passe ?<\/a><\/li>\n<li><a href=\"https:\/\/educonnect.education.gouv.fr\/educt-aide\/aide\/\">FAQ Educonnect<\/a><\/li>\n<\/ul>\n<a href=\"https:\/\/lycee-valentine-labbe.fr\/wordpress\/wp-content\/uploads\/2022\/06\/2021_Educonnect-infographie.pdf\" class=\"pdfemb-viewer\" style=\"\" data-width=\"max\" data-height=\"max\" data-toolbar=\"both\" data-toolbar-fixed=\"on\">2021_Educonnect-infographie<\/a>\n<a href=\"https:\/\/lycee-valentine-labbe.fr\/wordpress\/wp-content\/uploads\/2023\/08\/Guide-ENT-2022.pdf\" class=\"pdfemb-viewer\" style=\"\" data-width=\"max\" data-height=\"max\" data-toolbar=\"both\" data-toolbar-fixed=\"on\">Guide ENT 2022<\/a>\n<h2><\/h2>\n<h2>Les comptes Personnel de l\u2019\u00c9ducation Nationale (PEN)<\/h2>\n<p>L\u2019acad\u00e9mie est fournisseur d\u2019identit\u00e9.<\/p>\n<ul>\n<li><a href=\"https:\/\/eduline.ac-lille.fr\/eduline_aide\/monuid.php\" target=\"_blank\" rel=\"noopener noreferrer\">PEN \u2013 Identifiant oubli\u00e9<\/a><\/li>\n<li><a href=\"https:\/\/eduline.ac-lille.fr\/eduline_aide\/motdepasse.php\" target=\"_blank\" rel=\"noopener noreferrer\">PEN \u2013 Mot de passe ?<\/a><\/li>\n<\/ul>\n<p>Si malgr\u00e9 tout, vous continuez \u00e0 rencontrer des difficult\u00e9s, merci d&rsquo;<span style=\"text-align: center;\">envoyer un mail au service informatique :<\/span><\/p>\n<p style=\"font-weight: 400;\"><strong><u>secretariat-scolarite.0590122m@ac-lille.fr<\/u><\/strong><\/p>\n<\/div>\n<\/div>\n<\/div>\n<\/div>\n","protected":false},"excerpt":{"rendered":"<p>Compte EduConnect \/ ENT https:\/\/connexion.enthdf.fr\/ &nbsp; Les comptes \u00c9l\u00e8ve &amp; Parent Les comptes ENT sont les memes que le coll\u00e8ge et pendant toute la scolarit\u00e9 de votre enfant. Les comptes Parent sont \u00e0 cr\u00e9er par les responsables en suivant le FAQ El\u00e8ves &amp; Parent \u2013 Identifiant oubli\u00e9 El\u00e8ves &amp; Parent \u2013 Mot de passe ?&hellip; <br \/> <a class=\"read-more\" href=\"https:\/\/lycee-valentine-labbe.fr\/wordpress\/information-ent-espace-numerique-de-travail\/\">Lire la suite<\/a><\/p>\n","protected":false},"author":1,"featured_media":0,"parent":0,"menu_order":0,"comment_status":"closed","ping_status":"closed","template":"","meta":{"footnotes":""},"class_list":["post-635","page","type-page","status-publish","hentry"],"_links":{"self":[{"href":"https:\/\/lycee-valentine-labbe.fr\/wordpress\/wp-json\/wp\/v2\/pages\/635","targetHints":{"allow":["GET"]}}],"collection":[{"href":"https:\/\/lycee-valentine-labbe.fr\/wordpress\/wp-json\/wp\/v2\/pages"}],"about":[{"href":"https:\/\/lycee-valentine-labbe.fr\/wordpress\/wp-json\/wp\/v2\/types\/page"}],"author":[{"embeddable":true,"href":"https:\/\/lycee-valentine-labbe.fr\/wordpress\/wp-json\/wp\/v2\/users\/1"}],"replies":[{"embeddable":true,"href":"https:\/\/lycee-valentine-labbe.fr\/wordpress\/wp-json\/wp\/v2\/comments?post=635"}],"version-history":[{"count":24,"href":"https:\/\/lycee-valentine-labbe.fr\/wordpress\/wp-json\/wp\/v2\/pages\/635\/revisions"}],"predecessor-version":[{"id":2252,"href":"https:\/\/lycee-valentine-labbe.fr\/wordpress\/wp-json\/wp\/v2\/pages\/635\/revisions\/2252"}],"wp:attachment":[{"href":"https:\/\/lycee-valentine-labbe.fr\/wordpress\/wp-json\/wp\/v2\/media?parent=635"}],"curies":[{"name":"wp","href":"https:\/\/api.w.org\/{rel}","templated":true}]}}