{"id":448,"date":"2021-07-28T23:23:24","date_gmt":"2021-07-28T21:23:24","guid":{"rendered":"https:\/\/lycee-valentine-labbe.fr\/wordpress\/?page_id=448"},"modified":"2024-01-08T09:11:43","modified_gmt":"2024-01-08T08:11:43","slug":"bac-pro-accompagnement-soins-et-services-a-la-personne-a2sp","status":"publish","type":"page","link":"https:\/\/lycee-valentine-labbe.fr\/wordpress\/nos-formations\/pole-social\/bac-pro-accompagnement-soins-et-services-a-la-personne-a2sp\/","title":{"rendered":"BAC PRO Accompagnement Soins et Services \u00e0 la Personne (A2SP)"},"content":{"rendered":"<p>&nbsp;<\/p>\n<a href=\"https:\/\/lycee-valentine-labbe.fr\/wordpress\/wp-content\/uploads\/2024\/01\/Plaquette-Bac-Pro-ASSP-.pdf\" class=\"pdfemb-viewer\" style=\"\" data-width=\"max\" data-height=\"max\" data-toolbar=\"both\" data-toolbar-fixed=\"on\">Plaquette Bac Pro ASSP (<\/a>\n<h1><\/h1>\n<h1><span data-mce-mark=\"1\">Pourquoi un bac pro dans le secteur sanitaire ?<\/span><\/h1>\n<p>Le secteur sanitaire vous attire, vous souhaitez exercer votre activit\u00e9 aupr\u00e8s de personnes dans les domaines :<\/p>\n<ul>\n<li><span data-mce-mark=\"1\"><strong>De L\u2019accompagnement<\/strong>\u00a0\u00a0: approche globale pour l\u2019accompagner dans son projet de vie en \u00e9troite \u00a0 \u00a0collaboration avec l\u2019entourage familial, les professionnels de sant\u00e9, les travailleurs sociaux et les partenaires institutionnels.<br \/>\n<\/span><\/li>\n<li><strong><span data-mce-mark=\"1\">Des soins<\/span><\/strong>\u00a0(hors gestes professionnels r\u00e9glement\u00e9s = prescrits par un m\u00e9decin) : Hygi\u00e8ne (toilette, habillage, d\u00e9shabillage \u2026). Confort : Aide aux d\u00e9placements\u2026 \u00a0Bien \u00eatre : r\u00e9fection et change de lit\u2026Surveillance de l\u2019\u00e9tat de sant\u00e9 : aide \u00e0 la prise de m\u00e9dicaments, mesure de certains param\u00e8tres (poids, taille, diur\u00e8se, pouls, pression art\u00e9rielle\u2026).<\/li>\n<li><span data-mce-mark=\"1\"><strong>Des services<\/strong>\u00a0:<\/span>\u00a0entretien du cadre de vie, aide \u00e0 la vie sociale et relationnelle, \u00a0aide \u00e0 l\u2019acquisition ou au maintien de l\u2019autotomie, aide \u00e0 l\u2019approvisionnement et \u00e0 l\u2019alimentation.<\/li>\n<\/ul>\n<p><strong>Le Bac pro A2SP vous assure une formation de trois ans dans ces divers domaines<\/strong><\/p>\n<h1>Organisation de la formation<\/h1>\n<p>Dur\u00e9e du cycle : 3 ans \u2013&gt; 84 semaines de cours (enseignement g\u00e9n\u00e9ral= 45% et enseignement professionnel = 55%) + 22 semaines de p\u00e9riodes de formation en milieu professionnel (stages) + 2 semaines d\u2019examen.<\/p>\n<p>Le Bac Pro ASSP conduit \u00e0 exercer ses fonctions\u00a0 aupr\u00e8s \u00a0de personnes en situation temporaire ou permanente de d\u00e9pendance en structure collective\u00a0<strong>(r\u00e9sidence pour personnes \u00e2g\u00e9es, structure d\u2019accueil de la petite enfance\u2026),\u00a0<\/strong>aupr\u00e8s de famille, d\u2019enfants, de personnes \u00e2g\u00e9es, de personnes handicap\u00e9es vivant\u00a0<strong>en logement priv\u00e9, individuel ou collectif (soci\u00e9t\u00e9 de services \u00e0 domicile\u2026)<\/strong><\/p>\n<h1><span data-mce-mark=\"1\">\u00a0Vers quels m\u00e9tiers ?<\/span><\/h1>\n<p>Le Bac Pro A2SP est \u00e0 finalit\u00e9 professionnelle. Une poursuite d\u2019\u00e9tude est cependant possible<\/p>\n<ul>\n<li><span data-mce-mark=\"1\"><strong>VIE ACTIVE<\/strong><\/span>\n<ul>\n<li><span data-mce-mark=\"1\">Assistant de vie<\/span><\/li>\n<li><span data-mce-mark=\"1\">Auxiliaire de g\u00e9riatrie<\/span><\/li>\n<li><span data-mce-mark=\"1\">Assistant en soins et en sant\u00e9 communautaire<\/span><\/li>\n<li><span data-mce-mark=\"1\">Accompagnant de personnes fragilis\u00e9es, handicap\u00e9es<\/span><\/li>\n<li><span data-mce-mark=\"1\">Ma\u00eetresse de maison, gouvernante,<\/span><\/li>\n<li><span data-mce-mark=\"1\">Responsable de petites unit\u00e9s en domicile collectif<\/span><\/li>\n<li><span data-mce-mark=\"1\">Intervenant en structures d\u2019accueil de la petite enfance<\/span><\/li>\n<\/ul>\n<\/li>\n<li><strong><span data-mce-mark=\"1\">POURSUITES D\u2019ETUDES<\/span><\/strong>\n<ul>\n<li><span data-mce-mark=\"1\">BTS ESF (Conseiller en Education Sociale et Familiale)<\/span><\/li>\n<li><span data-mce-mark=\"1\">Concours sociaux et param\u00e9dicaux (<a href=\"http:\/\/ifsi-ifas-valentine-labbe.fr\/?p=230\">Aide-soignant<\/a>, auxiliaire de pu\u00e9riculture, aide m\u00e9dico-psychologique,technicien de l\u2019intervention sociale et familiale)<\/span><\/li>\n<\/ul>\n<\/li>\n<\/ul>\n<h1><span data-mce-mark=\"1\">Pour quelles missions ?<\/span><\/h1>\n<p>Accompagnement<br \/>\nSoins<br \/>\nServices<\/p>\n<h1><span data-mce-mark=\"1\">Pour quel public ?<\/span><\/h1>\n<p>Petite Enfance<br \/>\nPersonnes \u00e2g\u00e9es<br \/>\nPersonnes handicap\u00e9es ou d\u00e9pendantes<\/p>\n<h1><span data-mce-mark=\"1\">Avec quels partenaires employeurs ?<\/span><\/h1>\n<p>Diverses\u00a0<strong><span data-mce-mark=\"1\">structures d\u2019accueil<\/span><\/strong>\u00a0(cr\u00e8che, halte garderie, maison de retraite, \u00e9tablissement pour personnes handicap\u00e9es, foyer d\u2019accueil, centre d\u2019h\u00e9bergement\u2026)<br \/>\n<span data-mce-mark=\"1\"><strong>Soci\u00e9t\u00e9s<\/strong>\u00a0<\/span>de service \u00e0\u00a0<span data-mce-mark=\"1\"><strong>domicile<\/strong><\/span><br \/>\nLes\u00a0<span data-mce-mark=\"1\"><strong>collectivit\u00e9s<\/strong>\u00a0<\/span>territoriales<\/p>\n<h1><span data-mce-mark=\"1\">Quelles sont les qualit\u00e9s requises ?<\/span><\/h1>\n<p><strong>Le Bac pro ASSP est une formation particuli\u00e8rement exigeante au niveau :<\/strong><\/p>\n<ul>\n<li><span data-mce-mark=\"1\"><strong>du travail personnel<\/strong>\u00a0: La formation demande un\u00a0<strong>apprentissage r\u00e9gulier des le\u00e7ons<\/strong>\u00a0et un\u00a0<strong>go\u00fbt pour les disciplines \u00e0 caract\u00e8re scientifique<\/strong>\u00a0(biologie, microbiologie, nutrition) ;<br \/>\n<\/span><\/li>\n<li><span data-mce-mark=\"1\"><strong>du comportement personnel<\/strong><\/span>\u00a0: les m\u00e9tiers d\u2019aide \u00e0 la personne requi\u00e8rent de grandes qualit\u00e9s humaines notamment de la\u00a0<strong>patience<\/strong>\u00a0et de la\u00a0<strong>s\u00e9r\u00e9nit\u00e9<\/strong>\u00a0(prise en charge de patients dont l\u2019autonomie est parfois r\u00e9duite), de\u00a0<strong>l\u2019attention<\/strong>\u00a0(d\u00e9tection de probl\u00e8mes moraux ou physiques chez les patients), des\u00a0<strong>capacit\u00e9s \u00e0 communiquer<\/strong>\u00a0(avec le patient et sa famille, avec l\u2019\u00e9quipe soignante), de\u00a0<strong>l\u2019enthousiasme<\/strong>\u00a0et du\u00a0<strong>dynamisme<\/strong>\u00a0;<\/li>\n<li><span data-mce-mark=\"1\"><strong>de la sant\u00e9<\/strong>\u00a0<\/span>: les techniques professionnelles r\u00e9clament \u00a0une<strong>\u00a0bonne r\u00e9sistance physique<\/strong>\u00a0(aide \u00e0 la mobilisation des personnes, station debout, d\u00e9placements fr\u00e9quents). Il faut \u00e9galement<strong>\u00a0\u00eatre solide nerveusement<\/strong>\u00a0lors des stages (l\u2019\u00e9l\u00e8ve peut \u00eatre confront\u00e9 \u00e0 des situations difficiles li\u00e9es \u00e0 la souffrance et \u00e0 la maladie = accompagnement de personnes en fin de vie, personnes \u00e2g\u00e9es que des troubles mentaux peuvent rendre agressives) ;<\/li>\n<\/ul>\n<p>Vous pouvez aussi\u00a0<a>t\u00e9l\u00e9charger notre fichier PDF<\/a>.<\/p>\n<p class=\"has-text-align-center\"><strong>\u00a0Bac pro ASSP<\/strong>( Projet Bridge Maths\/STMS \u00a0en 2ASSP2)<\/p>\n<div>\n<div><iframe loading=\"lazy\" src=\"https:\/\/view.genial.ly\/604e27cca5488d0d22a87421\" width=\"1200\" height=\"675\" frameborder=\"0\" scrolling=\"yes\" allowfullscreen=\"allowfullscreen\" data-mce-fragment=\"1\"><\/iframe><\/div>\n<div><\/div>\n<div><\/div>\n<div>Nos projets : <a href=\"http:\/\/Semaine Bien Etre 21 au 25 mars 2022\">https:\/\/lycee-valentine-labbe.fr\/wordpress\/2022\/04\/11\/bac-pro-1assp3-s\u2026-au-25-mars-2022\/<\/a><\/div>\n<div><\/div>\n<div><\/div>\n<\/div>\n","protected":false},"excerpt":{"rendered":"<p>&nbsp; Pourquoi un bac pro dans le secteur sanitaire ? Le secteur sanitaire vous attire, vous souhaitez exercer votre activit\u00e9 aupr\u00e8s de personnes dans les domaines : De L\u2019accompagnement\u00a0\u00a0: approche globale pour l\u2019accompagner dans son projet de vie en \u00e9troite \u00a0 \u00a0collaboration avec l\u2019entourage familial, les professionnels de sant\u00e9, les travailleurs sociaux et les partenaires&hellip; <br \/> <a class=\"read-more\" href=\"https:\/\/lycee-valentine-labbe.fr\/wordpress\/nos-formations\/pole-social\/bac-pro-accompagnement-soins-et-services-a-la-personne-a2sp\/\">Lire la suite<\/a><\/p>\n","protected":false},"author":1,"featured_media":0,"parent":156,"menu_order":0,"comment_status":"closed","ping_status":"closed","template":"","meta":{"footnotes":""},"class_list":["post-448","page","type-page","status-publish","hentry"],"_links":{"self":[{"href":"https:\/\/lycee-valentine-labbe.fr\/wordpress\/wp-json\/wp\/v2\/pages\/448","targetHints":{"allow":["GET"]}}],"collection":[{"href":"https:\/\/lycee-valentine-labbe.fr\/wordpress\/wp-json\/wp\/v2\/pages"}],"about":[{"href":"https:\/\/lycee-valentine-labbe.fr\/wordpress\/wp-json\/wp\/v2\/types\/page"}],"author":[{"embeddable":true,"href":"https:\/\/lycee-valentine-labbe.fr\/wordpress\/wp-json\/wp\/v2\/users\/1"}],"replies":[{"embeddable":true,"href":"https:\/\/lycee-valentine-labbe.fr\/wordpress\/wp-json\/wp\/v2\/comments?post=448"}],"version-history":[{"count":6,"href":"https:\/\/lycee-valentine-labbe.fr\/wordpress\/wp-json\/wp\/v2\/pages\/448\/revisions"}],"predecessor-version":[{"id":1810,"href":"https:\/\/lycee-valentine-labbe.fr\/wordpress\/wp-json\/wp\/v2\/pages\/448\/revisions\/1810"}],"up":[{"embeddable":true,"href":"https:\/\/lycee-valentine-labbe.fr\/wordpress\/wp-json\/wp\/v2\/pages\/156"}],"wp:attachment":[{"href":"https:\/\/lycee-valentine-labbe.fr\/wordpress\/wp-json\/wp\/v2\/media?parent=448"}],"curies":[{"name":"wp","href":"https:\/\/api.w.org\/{rel}","templated":true}]}}