{"id":443,"date":"2021-07-28T23:21:40","date_gmt":"2021-07-28T21:21:40","guid":{"rendered":"https:\/\/lycee-valentine-labbe.fr\/wordpress\/?page_id=443"},"modified":"2024-11-15T20:04:48","modified_gmt":"2024-11-15T19:04:48","slug":"cap-accompagnement-educatif-petite-enfance-aepe","status":"publish","type":"page","link":"https:\/\/lycee-valentine-labbe.fr\/wordpress\/nos-formations\/pole-social\/cap-accompagnement-educatif-petite-enfance-aepe\/","title":{"rendered":"CAP Accompagnement Educatif Petite Enfance (AEPE)"},"content":{"rendered":"<header class=\"entry-header\"><\/header>\n<div class=\"entry-content\" style=\"text-align: center;\">\n<a href=\"https:\/\/lycee-valentine-labbe.fr\/wordpress\/wp-content\/uploads\/2024\/01\/Plaquette-CAP-AEPE-apprentissage-version-2024.pdf\" class=\"pdfemb-viewer\" style=\"\" data-width=\"max\" data-height=\"max\" data-toolbar=\"both\" data-toolbar-fixed=\"on\">Plaquette CAP AEPE (apprentissage) version 2024<\/a>\n<p>&nbsp;<\/p>\n<div class=\"gmail_default\">\n<p><span style=\"color: #000000;\"><b>Dans une finalit\u00e9 \u00e9ducative<\/b>,\u00a0le\u00a0<b>titulaire du CAP AEPE<\/b>\u00a0peut exercer en \u00c9tablissement d\u2019Accueil de Jeunes Enfants (AEJE), en Accueil Collectif de Mineurs (ACM), en \u00e9cole maternelle, \u00e0 domicile et\u00a0<b>conduit\u00a0<\/b>:<\/span><\/p>\n<ul>\n<li><span style=\"color: #000000;\"><b>Des activit\u00e9s de soins du quotidien\u00a0<\/b>qui contribuent \u00e0 r\u00e9pondre aux besoins physiologiques de l\u2019enfant et \u00e0 assurer sa s\u00e9curit\u00e9 physique et affective<\/span><\/li>\n<\/ul>\n<ul>\n<li><span style=\"color: #000000;\"><b>Des activit\u00e9s d\u2019animation et d\u2019\u00e9veil\u00a0<\/b>qui contribuent \u00e0 la socialisation de l\u2019enfant, \u00e0 son autonomie et \u00e0 l\u2019acquisition du langage. En \u00e9cole maternelle :\u00a0<b>des activit\u00e9s d\u2019aide p\u00e9dagogique<\/b><\/span><\/li>\n<\/ul>\n<ul>\n<li><span style=\"color: #000000;\"><b>Des activit\u00e9s li\u00e9es \u00e0 la collaboration avec les parents et les autres\u00a0<\/b><b>professionnels\u00a0<\/b>prenant en compte une dimension \u00e9thique qui permet un positionnement professionnel adapt\u00e9<\/span><\/li>\n<\/ul>\n<ul>\n<li><span style=\"color: #000000;\"><b>Des activit\u00e9s d\u2019entretien du cadre de vie\u00a0<\/b>qui contribuent au bien \u00eatre des enfants et des professionnels<\/span><\/li>\n<\/ul>\n<p><span style=\"color: #000000;\">Cette formation s\u2019effectue dans le cadre\u00a0<b>d\u2019un contrat d\u2019apprentissage<\/b>.<\/span><\/p>\n<h4><span style=\"color: #000000;\"><strong>==&gt; Admission :<\/strong><\/span><\/h4>\n<p dir=\"ltr\"><span style=\"color: #000000;\">Pour int\u00e9grer le CAP AEPE (Accompagnant \u00c9ducatif Petite Enfance), il est n\u00e9cessaire de signer au pr\u00e9alable un contrat d\u2019apprentissage (contrat de travail \u00e0 dur\u00e9e d\u00e9termin\u00e9e, la dur\u00e9e de la formation est de 2 ans ou d&rsquo;un an pour un apprenti titulaire d&rsquo;un CAP ou d&rsquo;un BAC) avec un employeur public, priv\u00e9 ou associatif, cr\u00e8che, \u00e9cole maternelle, halte- garderie \u2026 (structures accueillant des enfants de moins de 6 ans) de la r\u00e9gion Hauts de France. Pour signer ce type de contrat, il faut avoir entre 16 et 30 ans. La d\u00e9marche de recherche est personnelle, celle-ci est \u00e0 effectuer d\u00e8s le d\u00e9but d\u2019ann\u00e9e civile.<\/span><\/p>\n<p dir=\"ltr\"><span style=\"color: #000000;\">Toutefois, nous vous invitons \u00e0 nous transmettre une lettre de motivation et un CV pour le cas o\u00f9 un employeur potentiel nous contacterait.<\/span><\/p>\n<p dir=\"ltr\"><span style=\"color: #000000;\">Un site en partenariat avec la CAF est mis \u00e0 disposition des familles pour trouver une cr\u00e8che pour placer leurs enfants, nous vous le conseillons pour trouver des adresses :<\/span><\/p>\n<p dir=\"ltr\"><span style=\"color: #000000;\"><a style=\"color: #000000;\" href=\"https:\/\/monenfant.fr\/que-recherchez-vous\" target=\"_blank\" rel=\"noopener\" data-saferedirecturl=\"https:\/\/www.google.com\/url?q=https:\/\/monenfant.fr\/que-recherchez-vous&amp;source=gmail&amp;ust=1705070330116000&amp;usg=AOvVaw192y4dkbh7biWsLne5_5ZB\">https:\/\/monenfant.fr\/que-<wbr \/>recherchez-vous<\/a><\/span><\/p>\n<p dir=\"ltr\"><span style=\"color: #000000;\">Cliquez sur \u00ab\u00a0Mode d\u2019accueil\u00a0\u00bb et cocher \u00ab\u00a0cr\u00e8che\u00a0\u00bb<\/span><\/p>\n<p dir=\"ltr\"><span style=\"color: #000000;\">Vous pouvez rechercher les structures de votre commune ou avoisinant votre lieu de r\u00e9sidence.<\/span><\/p>\n<p dir=\"ltr\"><span style=\"color: #000000;\">Une attestation de l\u2019employeur permet de retenir une place (50 places par promotion), \u00e0 nous faire parvenir d\u00e8s que possible par mail \u00a0aux deux adresses suivantes:\u00a0<a style=\"color: #000000;\" href=\"mailto:bde-lpo-valentine-labbe@ac-lille.fr\" target=\"_blank\" rel=\"noopener\">bde-lpo-valentine-<wbr \/>labbe@ac-lille.fr<\/a> et\u00a0\u00a0<a style=\"color: #000000;\" href=\"mailto:ufa.vlabbe@ac-lille.fr\" target=\"_blank\" rel=\"noopener\">ufa.vlabbe@ac-lille.fr<\/a><\/span><\/p>\n<p dir=\"ltr\"><span style=\"color: #000000;\">Si vous trouvez un employeur tardivement, l\u2019inscription est possible sous r\u00e9serve qu\u2019il reste de la place au centre de formation.<\/span><\/p>\n<p dir=\"ltr\"><span style=\"color: #000000;\">Quel que soit son dipl\u00f4me ant\u00e9rieur, l\u2019apprenti est tenu de suivre tous les cours. Il peut, selon son dipl\u00f4me, demander lors de l\u2019inscription \u00e0 l\u2019examen des dispenses d\u2019\u00e9preuves notamment en enseignement g\u00e9n\u00e9ral.<\/span><\/p>\n<p dir=\"ltr\"><span style=\"color: #000000;\">La r\u00e9mun\u00e9ration varie de 27 \u00e0 100 % du SMIC selon l\u2019\u00e2ge de l\u2019apprenti et l\u2019anciennet\u00e9 du contrat.<\/span><\/p>\n<p dir=\"ltr\"><span style=\"color: #000000;\">Lorsque vous aurez trouv\u00e9 votre employeur, nous vous invitons \u00e0 prendre contact avec le bureau des entreprises ou le secr\u00e9tariat de l\u2019UFA<\/span><\/p>\n<p><span style=\"color: #000000;\">Responsable du bureau des entreprises : Mme MICHAUX, <a style=\"color: #000000;\" href=\"mailto:bde-lpo-valentine-labbe@ac-lille.fr\" target=\"_blank\" rel=\"noopener\">bde-lpo-valentine-labbe@ac-<wbr \/>lille.fr<\/a>, t\u00e9l : 03 20 63 89 85<\/span><\/p>\n<p dir=\"ltr\"><span style=\"color: #000000;\">Secr\u00e9tariat de l&rsquo;UFA Mme BECK,\u00a0<a style=\"color: #000000;\" href=\"mailto:ufa.vlabbe@ac-lille.fr\" target=\"_blank\" rel=\"noopener\">ufa.vlabbe@ac-lille.<wbr \/>fr<\/a>, t\u00e9l. : 03 20 63 89 88<\/span><\/p>\n<\/div>\n<\/div>\n<div dir=\"ltr\"><\/div>\n<a href=\"https:\/\/lycee-valentine-labbe.fr\/wordpress\/wp-content\/uploads\/2023\/03\/CFA-Lille_Triptyque-contrat-dapprentissage.pdf\" class=\"pdfemb-viewer\" style=\"\" data-width=\"max\" data-height=\"max\" data-toolbar=\"both\" data-toolbar-fixed=\"on\">CFA Lille_Triptyque contrat d\u2019apprentissage<\/a>\n","protected":false},"excerpt":{"rendered":"<p>&nbsp; Dans une finalit\u00e9 \u00e9ducative,\u00a0le\u00a0titulaire du CAP AEPE\u00a0peut exercer en \u00c9tablissement d\u2019Accueil de Jeunes Enfants (AEJE), en Accueil Collectif de Mineurs (ACM), en \u00e9cole maternelle, \u00e0 domicile et\u00a0conduit\u00a0: Des activit\u00e9s de soins du quotidien\u00a0qui contribuent \u00e0 r\u00e9pondre aux besoins physiologiques de l\u2019enfant et \u00e0 assurer sa s\u00e9curit\u00e9 physique et affective Des activit\u00e9s d\u2019animation et d\u2019\u00e9veil\u00a0qui&hellip; <br \/> <a class=\"read-more\" href=\"https:\/\/lycee-valentine-labbe.fr\/wordpress\/nos-formations\/pole-social\/cap-accompagnement-educatif-petite-enfance-aepe\/\">Lire la suite<\/a><\/p>\n","protected":false},"author":1,"featured_media":0,"parent":156,"menu_order":0,"comment_status":"closed","ping_status":"closed","template":"","meta":{"footnotes":""},"class_list":["post-443","page","type-page","status-publish","hentry"],"_links":{"self":[{"href":"https:\/\/lycee-valentine-labbe.fr\/wordpress\/wp-json\/wp\/v2\/pages\/443","targetHints":{"allow":["GET"]}}],"collection":[{"href":"https:\/\/lycee-valentine-labbe.fr\/wordpress\/wp-json\/wp\/v2\/pages"}],"about":[{"href":"https:\/\/lycee-valentine-labbe.fr\/wordpress\/wp-json\/wp\/v2\/types\/page"}],"author":[{"embeddable":true,"href":"https:\/\/lycee-valentine-labbe.fr\/wordpress\/wp-json\/wp\/v2\/users\/1"}],"replies":[{"embeddable":true,"href":"https:\/\/lycee-valentine-labbe.fr\/wordpress\/wp-json\/wp\/v2\/comments?post=443"}],"version-history":[{"count":13,"href":"https:\/\/lycee-valentine-labbe.fr\/wordpress\/wp-json\/wp\/v2\/pages\/443\/revisions"}],"predecessor-version":[{"id":2047,"href":"https:\/\/lycee-valentine-labbe.fr\/wordpress\/wp-json\/wp\/v2\/pages\/443\/revisions\/2047"}],"up":[{"embeddable":true,"href":"https:\/\/lycee-valentine-labbe.fr\/wordpress\/wp-json\/wp\/v2\/pages\/156"}],"wp:attachment":[{"href":"https:\/\/lycee-valentine-labbe.fr\/wordpress\/wp-json\/wp\/v2\/media?parent=443"}],"curies":[{"name":"wp","href":"https:\/\/api.w.org\/{rel}","templated":true}]}}