{"id":324,"date":"2021-07-27T18:32:27","date_gmt":"2021-07-27T16:32:27","guid":{"rendered":"https:\/\/lycee-valentine-labbe.fr\/wordpress\/?page_id=324"},"modified":"2024-01-02T17:23:41","modified_gmt":"2024-01-02T16:23:41","slug":"1ere-terminale-generale","status":"publish","type":"page","link":"https:\/\/lycee-valentine-labbe.fr\/wordpress\/nos-formations\/lycee-general-technologique\/1ere-terminale-generale\/","title":{"rendered":"Fili\u00e8re G\u00e9n\u00e9rale"},"content":{"rendered":"<a href=\"https:\/\/lycee-valentine-labbe.fr\/wordpress\/wp-content\/uploads\/2024\/01\/Plaquette-Bac-General-finale.pdf\" class=\"pdfemb-viewer\" style=\"\" data-width=\"max\" data-height=\"max\" data-toolbar=\"both\" data-toolbar-fixed=\"on\">Plaquette Bac G\u00e9n\u00e9ral finale<\/a>\n<h3 style=\"text-align: center;\">Pr\u00e9sentation de la sp\u00e9cialit\u00e9 Math :<\/h3>\n<p>&nbsp;<\/p>\n<p>&nbsp;<\/p>\n<div style=\"width: 1920px;\" class=\"wp-video\"><video class=\"wp-video-shortcode\" id=\"video-324-1\" width=\"1920\" height=\"1080\" preload=\"metadata\" controls=\"controls\"><source type=\"video\/mp4\" src=\"https:\/\/lycee-valentine-labbe.fr\/wordpress\/wp-content\/uploads\/2023\/03\/Presentation-Specialite-Maths-JPO-.mp4?_=1\" \/><a href=\"https:\/\/lycee-valentine-labbe.fr\/wordpress\/wp-content\/uploads\/2023\/03\/Presentation-Specialite-Maths-JPO-.mp4\">https:\/\/lycee-valentine-labbe.fr\/wordpress\/wp-content\/uploads\/2023\/03\/Presentation-Specialite-Maths-JPO-.mp4<\/a><\/video><\/div>\n<p>&nbsp;<\/p>\n<p>&nbsp;<\/p>\n<a href=\"https:\/\/lycee-valentine-labbe.fr\/wordpress\/wp-content\/uploads\/2023\/03\/Presentation-Specialite-Maths-JPO-2.pdf\" class=\"pdfemb-viewer\" style=\"\" data-width=\"max\" data-height=\"max\" data-toolbar=\"both\" data-toolbar-fixed=\"on\">Pr\u00e9sentation Sp\u00e9cialit\u00e9 Maths JPO -2<\/a>\n<p>&nbsp;<\/p>\n","protected":false},"excerpt":{"rendered":"<p>Pr\u00e9sentation de la sp\u00e9cialit\u00e9 Math : &nbsp; &nbsp; &nbsp; &nbsp; &nbsp;<\/p>\n","protected":false},"author":1,"featured_media":0,"parent":250,"menu_order":0,"comment_status":"closed","ping_status":"closed","template":"","meta":{"footnotes":""},"class_list":["post-324","page","type-page","status-publish","hentry"],"_links":{"self":[{"href":"https:\/\/lycee-valentine-labbe.fr\/wordpress\/wp-json\/wp\/v2\/pages\/324","targetHints":{"allow":["GET"]}}],"collection":[{"href":"https:\/\/lycee-valentine-labbe.fr\/wordpress\/wp-json\/wp\/v2\/pages"}],"about":[{"href":"https:\/\/lycee-valentine-labbe.fr\/wordpress\/wp-json\/wp\/v2\/types\/page"}],"author":[{"embeddable":true,"href":"https:\/\/lycee-valentine-labbe.fr\/wordpress\/wp-json\/wp\/v2\/users\/1"}],"replies":[{"embeddable":true,"href":"https:\/\/lycee-valentine-labbe.fr\/wordpress\/wp-json\/wp\/v2\/comments?post=324"}],"version-history":[{"count":8,"href":"https:\/\/lycee-valentine-labbe.fr\/wordpress\/wp-json\/wp\/v2\/pages\/324\/revisions"}],"predecessor-version":[{"id":1793,"href":"https:\/\/lycee-valentine-labbe.fr\/wordpress\/wp-json\/wp\/v2\/pages\/324\/revisions\/1793"}],"up":[{"embeddable":true,"href":"https:\/\/lycee-valentine-labbe.fr\/wordpress\/wp-json\/wp\/v2\/pages\/250"}],"wp:attachment":[{"href":"https:\/\/lycee-valentine-labbe.fr\/wordpress\/wp-json\/wp\/v2\/media?parent=324"}],"curies":[{"name":"wp","href":"https:\/\/api.w.org\/{rel}","templated":true}]}}