{"id":201,"date":"2021-07-22T14:58:20","date_gmt":"2021-07-22T12:58:20","guid":{"rendered":"https:\/\/lycee-valentine-labbe.fr\/wordpress\/?page_id=201"},"modified":"2022-02-27T18:34:23","modified_gmt":"2022-02-27T17:34:23","slug":"cordees-de-la-reussite","status":"publish","type":"page","link":"https:\/\/lycee-valentine-labbe.fr\/wordpress\/lycee-valentine-labbe\/cordees-de-la-reussite\/","title":{"rendered":"Cord\u00e9es de la R\u00e9ussite"},"content":{"rendered":"<div class='embed-container'><iframe class=\"wp-embedded-content\" sandbox=\"allow-scripts\" security=\"restricted\" title=\"Cord\u00e9es de la R\u00e9ussite Lyc\u00e9e Valentine Labb\u00e9\" frameborder='0' width='407' height='199' src='https:\/\/view.genial.ly\/60623583cb87f60cf056fb19#?secret=yqdFMFxYhd' data-secret='yqdFMFxYhd' scrolling='yes'><\/iframe><\/div>\n<p>&nbsp;<\/p>\n<p>&nbsp;<\/p>\n<div class='embed-container'>\n<blockquote class=\"wp-embedded-content\" data-secret=\"ikIdSdVs1s\"><p><a href=\"https:\/\/lycee-valentine-labbe.fr\/wordpress\/2022\/02\/27\/les-cordees-de-la-reussite\/\">Les Cord\u00e9es de la r\u00e9ussite<\/a><\/p><\/blockquote>\n<p><iframe loading=\"lazy\" class=\"wp-embedded-content\" sandbox=\"allow-scripts\" security=\"restricted\" style=\"position: absolute; clip: rect(1px, 1px, 1px, 1px);\" title=\"\u00ab\u00a0Les Cord\u00e9es de la r\u00e9ussite\u00a0\u00bb &#8212; Campus Valentine Labb\u00e9\" src=\"https:\/\/lycee-valentine-labbe.fr\/wordpress\/2022\/02\/27\/les-cordees-de-la-reussite\/embed\/#?secret=NytfSpo3dJ#?secret=ikIdSdVs1s\" data-secret=\"ikIdSdVs1s\" width=\"600\" height=\"338\" frameborder=\"0\" marginwidth=\"0\" marginheight=\"0\" scrolling=\"no\"><\/iframe><\/div>\n","protected":false},"excerpt":{"rendered":"<p>&nbsp; &nbsp; Les Cord\u00e9es de la r\u00e9ussite<\/p>\n","protected":false},"author":1,"featured_media":0,"parent":142,"menu_order":0,"comment_status":"closed","ping_status":"closed","template":"","meta":{"footnotes":""},"class_list":["post-201","page","type-page","status-publish","hentry"],"_links":{"self":[{"href":"https:\/\/lycee-valentine-labbe.fr\/wordpress\/wp-json\/wp\/v2\/pages\/201","targetHints":{"allow":["GET"]}}],"collection":[{"href":"https:\/\/lycee-valentine-labbe.fr\/wordpress\/wp-json\/wp\/v2\/pages"}],"about":[{"href":"https:\/\/lycee-valentine-labbe.fr\/wordpress\/wp-json\/wp\/v2\/types\/page"}],"author":[{"embeddable":true,"href":"https:\/\/lycee-valentine-labbe.fr\/wordpress\/wp-json\/wp\/v2\/users\/1"}],"replies":[{"embeddable":true,"href":"https:\/\/lycee-valentine-labbe.fr\/wordpress\/wp-json\/wp\/v2\/comments?post=201"}],"version-history":[{"count":5,"href":"https:\/\/lycee-valentine-labbe.fr\/wordpress\/wp-json\/wp\/v2\/pages\/201\/revisions"}],"predecessor-version":[{"id":918,"href":"https:\/\/lycee-valentine-labbe.fr\/wordpress\/wp-json\/wp\/v2\/pages\/201\/revisions\/918"}],"up":[{"embeddable":true,"href":"https:\/\/lycee-valentine-labbe.fr\/wordpress\/wp-json\/wp\/v2\/pages\/142"}],"wp:attachment":[{"href":"https:\/\/lycee-valentine-labbe.fr\/wordpress\/wp-json\/wp\/v2\/media?parent=201"}],"curies":[{"name":"wp","href":"https:\/\/api.w.org\/{rel}","templated":true}]}}