{"id":164,"date":"2021-07-22T14:40:51","date_gmt":"2021-07-22T12:40:51","guid":{"rendered":"https:\/\/lycee-valentine-labbe.fr\/wordpress\/?page_id=164"},"modified":"2025-06-05T11:43:45","modified_gmt":"2025-06-05T09:43:45","slug":"internat-2","status":"publish","type":"page","link":"https:\/\/lycee-valentine-labbe.fr\/wordpress\/lycee-valentine-labbe\/internat-2\/","title":{"rendered":"Internat"},"content":{"rendered":"<figure class=\"wp-block-embed-youtube wp-block-embed is-type-video is-provider-youtube wp-embed-aspect-16-9 wp-has-aspect-ratio\">\n<div class=\"wp-block-embed__wrapper\"><iframe loading=\"lazy\" title=\"Vid\u00e9o PREPA - Internat\" src=\"https:\/\/www.youtube.com\/embed\/hP4owK4lyks?feature=oembed\" width=\"840\" height=\"473\" frameborder=\"0\" allowfullscreen=\"allowfullscreen\" data-mce-fragment=\"1\"><\/iframe><\/div>\n<\/figure>\n<h1><\/h1>\n<h1>L\u2019Internat \u00e0 Valentine Labb\u00e9<\/h1>\n<p><em>Nous disposons d\u2019un internat qui accueille les \u00e9l\u00e8ves et \u00e9tudiants, leur \u00e9vitant ainsi de perdre du temps dans les transports.<\/em><\/p>\n<h2>Pourquoi choisir l\u2019internat ?<\/h2>\n<p>Choisir l\u2019internat, c\u2019est opter pour un lieu de vie, d\u2019\u00e9tude o\u00f9 chacun apprend :<\/p>\n<ul>\n<li>\u00c0 se prendre en charge.<\/li>\n<li>\u00c0 g\u00e9rer son travail et son temps libre en b\u00e9n\u00e9ficiant d\u2019une structure et de conditions favorables.<\/li>\n<li>C\u2019est aussi accepter de vivre en communaut\u00e9 et de suivre un r\u00e8glement : celui de l\u2019internat.<\/li>\n<\/ul>\n<p>\u00c0 Valentine Labb\u00e9, les internes b\u00e9n\u00e9ficient d\u2019un environnement et de conditions d\u2019\u00e9tudes qui favorisent la r\u00e9ussite scolaire.<\/p>\n<h3>Les tarifs estimatif de l&rsquo;internat \u00a0:<\/h3>\n<p style=\"font-weight: 400;\">\uf06f\u00a0\u00a0\u00a0\u00a0\u00a0\u00a0\u00a0\u00a0 1 907. 40 \u20ac \u00a0\u00a0\u00a0\u00a0 <em>(du dimanche soir au Vendredi midi)<\/em><\/p>\n<h3>Les avantages de l\u2019internat.<\/h3>\n<p>R\u00e9sider \u00e0 l\u2019internat de Valentine Labb\u00e9 offre de nombreux avantages :<\/p>\n<h4>=&gt; Un cadre verdoyant et fonctionnel :<\/h4>\n<ul>\n<li>La <a href=\"http:\/\/maps.google.fr\/maps?hl=fr&amp;gs_rn=5&amp;gs_ri=psy-ab&amp;cp=53&amp;gs_id=75&amp;xhr=t&amp;q=Lyc%C3%A9e+Valentine+Labb%C3%A9+La+Madeleine+41+rue+Paul+Doumer&amp;bav=on.2,or.r_gc.r_pw.r_qf.&amp;bvm=bv.43148975,d.d2k&amp;biw=1280&amp;bih=923&amp;um=1&amp;ie=UTF-8&amp;sa=N&amp;tab=wl\">proximit\u00e9<\/a> de la gare SNCF et autres moyens de transport (<a href=\"http:\/\/www.transpole.fr\/fr\/bus\/desserte2.aspx\">bus Transpole<\/a>, tramway, m\u00e9tro).<\/li>\n<li>Des chambres \u00e9quip\u00e9es et une restauration sur place.<\/li>\n<li>Des espaces verts soign\u00e9s.<\/li>\n<li>L\u2019\u00e9l\u00e8ve \/ \u00e9tudiant ne perd pas de temps dans les transports (gr\u00e8ves, pannes, etc\u2026).<\/li>\n<\/ul>\n<h4>=&gt; Un encadrement et un suivi r\u00e9guliers :<\/h4>\n<ul>\n<li>Des \u00e9tudes surveill\u00e9es et une aide aux devoirs assur\u00e9s par les assistants d\u2019\u00e9ducation.<\/li>\n<li>Des moments de d\u00e9tentes encadr\u00e9s (soir\u00e9es t\u00e9l\u00e9, jeux, sport, etc\u2026)<\/li>\n<li>Des sorties culturelles choisies.<\/li>\n<\/ul>\n<p style=\"text-align: center;\">DEVENIR INTERNE,<br \/>\nC\u2019EST AVOIR TOUTES LES CHANCES<br \/>\nDE R\u00c9USSIR SES \u00c9TUDES<\/p>\n<h3 style=\"text-align: center;\">\u00a0<a href=\"https:\/\/lycee-valentine-labbe.fr\/wordpress\/wp-content\/uploads\/2025\/06\/Absence-stage.pdf\"><span style=\"color: #3366ff;\">Document de D\u00e9claration d\u2019Absence de l\u2019Internat<\/span><\/a><\/h3>\n<p style=\"text-align: center;\"><a href=\"https:\/\/lycee-valentine-labbe.fr\/wordpress\/wp-content\/uploads\/2025\/06\/ENGAGEMENT-FINANCIER.pdf\">ENGAGEMENT-FINANCIER.pdf<\/a><\/p>\n<p>&nbsp;<\/p>\n<p>&nbsp;<\/p>\n<p style=\"font-weight: 400; text-align: center;\">\u00a0\u00a0\u00a0\u00a0\u00a0\u00a0\u00a0\u00a0\u00a0\u00a0\u00a0\u00a0\u00a0\u00a0\u00a0\u00a0\u00a0\u00a0\u00a0\u00a0\u00a0\u00a0\u00a0\u00a0\u00a0\u00a0\u00a0\u00a0\u00a0\u00a0\u00a0\u00a0\u00a0 A envoyer par mail : intendant.0590122m@ac-lille.fr<\/p>\n<p>&nbsp;<\/p>\n","protected":false},"excerpt":{"rendered":"<p>L\u2019Internat \u00e0 Valentine Labb\u00e9 Nous disposons d\u2019un internat qui accueille les \u00e9l\u00e8ves et \u00e9tudiants, leur \u00e9vitant ainsi de perdre du temps dans les transports. Pourquoi choisir l\u2019internat ? Choisir l\u2019internat, c\u2019est opter pour un lieu de vie, d\u2019\u00e9tude o\u00f9 chacun apprend : \u00c0 se prendre en charge. \u00c0 g\u00e9rer son travail et son temps libre&hellip; <br \/> <a class=\"read-more\" href=\"https:\/\/lycee-valentine-labbe.fr\/wordpress\/lycee-valentine-labbe\/internat-2\/\">Lire la suite<\/a><\/p>\n","protected":false},"author":1,"featured_media":0,"parent":142,"menu_order":0,"comment_status":"closed","ping_status":"closed","template":"","meta":{"footnotes":""},"class_list":["post-164","page","type-page","status-publish","hentry"],"_links":{"self":[{"href":"https:\/\/lycee-valentine-labbe.fr\/wordpress\/wp-json\/wp\/v2\/pages\/164","targetHints":{"allow":["GET"]}}],"collection":[{"href":"https:\/\/lycee-valentine-labbe.fr\/wordpress\/wp-json\/wp\/v2\/pages"}],"about":[{"href":"https:\/\/lycee-valentine-labbe.fr\/wordpress\/wp-json\/wp\/v2\/types\/page"}],"author":[{"embeddable":true,"href":"https:\/\/lycee-valentine-labbe.fr\/wordpress\/wp-json\/wp\/v2\/users\/1"}],"replies":[{"embeddable":true,"href":"https:\/\/lycee-valentine-labbe.fr\/wordpress\/wp-json\/wp\/v2\/comments?post=164"}],"version-history":[{"count":15,"href":"https:\/\/lycee-valentine-labbe.fr\/wordpress\/wp-json\/wp\/v2\/pages\/164\/revisions"}],"predecessor-version":[{"id":2159,"href":"https:\/\/lycee-valentine-labbe.fr\/wordpress\/wp-json\/wp\/v2\/pages\/164\/revisions\/2159"}],"up":[{"embeddable":true,"href":"https:\/\/lycee-valentine-labbe.fr\/wordpress\/wp-json\/wp\/v2\/pages\/142"}],"wp:attachment":[{"href":"https:\/\/lycee-valentine-labbe.fr\/wordpress\/wp-json\/wp\/v2\/media?parent=164"}],"curies":[{"name":"wp","href":"https:\/\/api.w.org\/{rel}","templated":true}]}}