{"id":1539,"date":"2023-05-13T17:16:41","date_gmt":"2023-05-13T15:16:41","guid":{"rendered":"https:\/\/lycee-valentine-labbe.fr\/wordpress\/?page_id=1539"},"modified":"2025-06-09T20:32:30","modified_gmt":"2025-06-09T18:32:30","slug":"inscription-bts","status":"publish","type":"page","link":"https:\/\/lycee-valentine-labbe.fr\/wordpress\/inscription-bts\/","title":{"rendered":"INSCRIPTION BTS \/ CPGE"},"content":{"rendered":"<p>&nbsp;<\/p>\n<p style=\"font-weight: 400;\"><strong>CALENDRIER D\u2019INSCRIPTION<\/strong><\/p>\n<ul style=\"font-weight: 400;\">\n<li>Futurs bacheliers 2025<\/li>\n<li>Les \u00e9tudiants ayant obtenu leur dipl\u00f4me du BAC avant 2025<\/li>\n<li>Les \u00e9tudiants doublant du Lyc\u00e9e Valentine Labb\u00e9<\/li>\n<li>Les \u00e9tudiants passant en 2<sup>\u00e8me<\/sup> ann\u00e9e<\/li>\n<\/ul>\n<p><strong><u>PROC\u00c9DURE D\u2019INSCRIPTION<\/u>\u00a0\u00a0 <\/strong><\/p>\n<ol>\n<li><b>T\u00e9l\u00e9chargez et compl\u00e9tez sur l&rsquo;ordinateur les documents PDF du dossier <span style=\"color: #3366ff;\">(<\/span><\/b><span style=\"color: #3366ff;\"><strong>Liens bleus<\/strong><\/span><b><span style=\"color: #3366ff;\">)<\/span> et les enregistrer. <\/b><b>Ne sont pas accept\u00e9s\u00a0 les documents manuscrits, scann\u00e9s, ni les photos.<\/b><\/li>\n<li><strong>Pr\u00e9parez les documents demand\u00e9s dans le dossier d&rsquo;inscription<\/strong><\/li>\n<li><strong>Renseignez le formulaire d&rsquo;inscription<\/strong><\/li>\n<li><strong>D\u00e9posez les documents dans les onglets \u00ab\u00a0parcourir\u00a0\u00bb.\u00a0 Le nom de chaque fichier d\u00e9pos\u00e9 doit correspondre au nom du document concern\u00e9 et de l&rsquo;onglet.<\/strong><\/li>\n<li><strong>Envoyez<\/strong><\/li>\n<\/ol>\n<p>&nbsp;<\/p>\n<div class=\"wp-block-file\"><strong>DOSSIER D&rsquo;INSCRIPTION<\/strong><\/div>\n<div><\/div>\n<div>\n<ol>\n<li><a href=\"https:\/\/lycee-valentine-labbe.fr\/wordpress\/wp-content\/uploads\/2023\/05\/PDFmodif_fiche_Scolarite-1.pdf\" target=\"_blank\" rel=\"noopener\">Fiche de renseignements<\/a> (Document PDF \u00e0 remplir)<\/li>\n<li>Attestation d\u2019assurance scolaire 2025-2026 (Document PDF \u00e0 fournir)<\/li>\n<li><a href=\"https:\/\/lycee-valentine-labbe.fr\/wordpress\/wp-content\/uploads\/2023\/05\/PDFmodif_fiche_Urgence.pdf\" target=\"_blank\" rel=\"noopener\">Fiche d\u2019urgence m\u00e9dicale<\/a> (Document PDF \u00e0 remplir)<\/li>\n<li><a href=\"https:\/\/lycee-valentine-labbe.fr\/wordpress\/wp-content\/uploads\/2023\/05\/PDFmodif_CMVaccination.pdf\" target=\"_blank\" rel=\"noopener\">Certification m\u00e9dicale de vaccinations<\/a> (Document PDF \u00e0 remplir)<\/li>\n<li><a href=\"https:\/\/lycee-valentine-labbe.fr\/wordpress\/wp-content\/uploads\/2025\/06\/FLYER-LE-RESTAURANT-SCOLAIRE-2526.pdf\" target=\"_blank\" rel=\"noopener\"><span style=\"color: #339966;\">Fonctionnement de la restauration<\/span><\/a><\/li>\n<li><a href=\"https:\/\/lycee-valentine-labbe.fr\/wordpress\/wp-content\/uploads\/2025\/06\/ENGAGEMENT-FINANCIER.pdf\" target=\"_blank\" rel=\"noopener\">Fiche intendance \u2013 Engagement Internat<\/a> (Document PDF \u00e0 remplir en cas d&rsquo;inscription \u00e0 l&rsquo;internat).<\/li>\n<li>RIB au nom de l&rsquo;\u00e9tudiant (Document PDF \u00e0 fournir)<\/li>\n<li><a href=\"https:\/\/lycee-valentine-labbe.fr\/wordpress\/wp-content\/uploads\/2024\/07\/2024-AEVAL.pdf\" target=\"_blank\" rel=\"noopener\"><span style=\"color: #339966;\">Association \u00e9tudiante AEVAL<\/span><\/a><\/li>\n<li><a href=\"https:\/\/lycee-valentine-labbe.fr\/wordpress\/wp-content\/uploads\/2024\/07\/2024-EPI-AEVAL-2-.pdf\" target=\"_blank\" rel=\"noopener\">Liste des mat\u00e9riels et \u00e9quipements EPI<\/a> (Document PDF \u00e0 fournir)<\/li>\n<li>Paiement de l&rsquo;association =&gt; <a href=\"https:\/\/www.payasso.fr\/\/association-aeval\/reglement\" target=\"_blank\" rel=\"noopener\">https:\/\/www.payasso.fr\/\/association-aeval\/reglement<\/a> =&gt; Photocopie du mail de confirmation du paiement de l\u2019adh\u00e9sion \u00e0 l\u2019association des \u00e9tudiants AEVAL \u00a0et des fournitures EPI (Document PDF \u00e0 fournir)<\/li>\n<li><strong>Photocopie de la carte nationale d&rsquo;identit\u00e9 recto-verso<\/strong>, du passeport ou du titre de s\u00e9jour (Document PDF \u00e0 fournir)<\/li>\n<li><strong>Relev\u00e9 de notes du baccalaur\u00e9at<\/strong> (voir compte Cyclades) (Document PDF \u00e0 fournir)<\/li>\n<\/ol>\n<p><strong><u>FORMULAIRE D&rsquo;INSCRIPTION DE L&rsquo;\u00c9TUDIANT<br \/>\n<\/u><\/strong><\/p>\n<p>&nbsp;<\/p>\n<\/div>\n<p><strong><u>\n<div class=\"wpcf7 no-js\" id=\"wpcf7-f1582-o1\" lang=\"fr-FR\" dir=\"ltr\" data-wpcf7-id=\"1582\">\n<div class=\"screen-reader-response\"><p role=\"status\" aria-live=\"polite\" aria-atomic=\"true\"><\/p> <ul><\/ul><\/div>\n<form action=\"\/wordpress\/wp-json\/wp\/v2\/pages\/1539#wpcf7-f1582-o1\" method=\"post\" class=\"wpcf7-form init\" aria-label=\"Formulaire de contact\" enctype=\"multipart\/form-data\" novalidate=\"novalidate\" data-status=\"init\">\n<fieldset class=\"hidden-fields-container\"><input type=\"hidden\" name=\"_wpcf7\" value=\"1582\" \/><input type=\"hidden\" name=\"_wpcf7_version\" value=\"6.1.5\" \/><input type=\"hidden\" name=\"_wpcf7_locale\" value=\"fr_FR\" \/><input type=\"hidden\" name=\"_wpcf7_unit_tag\" value=\"wpcf7-f1582-o1\" \/><input type=\"hidden\" name=\"_wpcf7_container_post\" value=\"0\" \/><input type=\"hidden\" name=\"_wpcf7_posted_data_hash\" value=\"\" \/><input type=\"hidden\" name=\"_wpcf7_recaptcha_response\" value=\"\" \/>\n<\/fieldset>\n<p><label> NOM et pr\u00e9nom (Dans cet ordre)<br \/>\n<span class=\"wpcf7-form-control-wrap\" data-name=\"your-name\"><input size=\"40\" maxlength=\"400\" class=\"wpcf7-form-control wpcf7-text wpcf7-validates-as-required\" aria-required=\"true\" aria-invalid=\"false\" value=\"\" type=\"text\" name=\"your-name\" \/><\/span> <\/label>\n<\/p>\n<p><label> Votre e-mail (obligatoire)<br \/>\n<span class=\"wpcf7-form-control-wrap\" data-name=\"your-email\"><input size=\"40\" maxlength=\"400\" class=\"wpcf7-form-control wpcf7-email wpcf7-validates-as-required wpcf7-text wpcf7-validates-as-email\" aria-required=\"true\" aria-invalid=\"false\" value=\"\" type=\"email\" name=\"your-email\" \/><\/span> <\/label>\n<\/p>\n<p><label> S\u00e9lectionner votre situation votre formation dans le menu d\u00e9roulant (obligatoire)<br \/>\n<span class=\"wpcf7-form-control-wrap\" data-name=\"menu-387\"><select class=\"wpcf7-form-control wpcf7-select wpcf7-validates-as-required\" aria-required=\"true\" aria-invalid=\"false\" name=\"menu-387\"><option value=\"1BTS ABM\">1BTS ABM<\/option><option value=\"1BTS BIOAC\">1BTS BIOAC<\/option><option value=\"1BTS BIOTECH\">1BTS BIOTECH<\/option><option value=\"1BTS ESF\">1BTS ESF<\/option><option value=\"1BTS SP3S\">1BTS SP3S<\/option><option value=\"1Classe Pr\u00e9pa CPGE\">1Classe Pr\u00e9pa CPGE<\/option><option value=\"2BTS ABM\">2BTS ABM<\/option><option value=\"2BTS BIOAC\">2BTS BIOAC<\/option><option value=\"2BTS BIOTECH\">2BTS BIOTECH<\/option><option value=\"2BTS ESF\">2BTS ESF<\/option><option value=\"2BTS SP3S\">2BTS SP3S<\/option><option value=\"2Classe Pr\u00e9pa CPGE\">2Classe Pr\u00e9pa CPGE<\/option><\/select><\/span> <\/label><label><br \/>\n<\/label><label> 1.Fiche de renseignements compl\u00e9t\u00e9e (obligatoire)<br \/>\n<span class=\"wpcf7-form-control-wrap\" data-name=\"Fiche\"><input size=\"40\" class=\"wpcf7-form-control wpcf7-file wpcf7-validates-as-required\" accept=\".pdf,.doc,.docx,.png,.jpg,.odt\" aria-required=\"true\" aria-invalid=\"false\" type=\"file\" name=\"Fiche\" \/><\/span> <\/label>\n<\/p>\n<p><label> 2.Attestation d\u2019assurance scolaire (obligatoire)<br \/>\n<span class=\"wpcf7-form-control-wrap\" data-name=\"Attestation\"><input size=\"40\" class=\"wpcf7-form-control wpcf7-file wpcf7-validates-as-required\" accept=\".pdf,.doc,.docx,.png,.jpg,.odt\" aria-required=\"true\" aria-invalid=\"false\" type=\"file\" name=\"Attestation\" \/><\/span> <\/label>\n<\/p>\n<p><label> 3.Fiche d'urgence m\u00e9dicale compl\u00e9t\u00e9e (obligatoire)<br \/>\n<span class=\"wpcf7-form-control-wrap\" data-name=\"urgence\"><input size=\"40\" class=\"wpcf7-form-control wpcf7-file wpcf7-validates-as-required\" accept=\".pdf,.doc,.docx,.png,.jpg,.odt\" aria-required=\"true\" aria-invalid=\"false\" type=\"file\" name=\"urgence\" \/><\/span> <\/label>\n<\/p>\n<p><label> 4.Fiche certificat de vaccination (obligatoire pour les nouveaux \u00e9tudiants)<br \/>\n<span class=\"wpcf7-form-control-wrap\" data-name=\"certificat\"><input size=\"40\" class=\"wpcf7-form-control wpcf7-file\" accept=\".pdf,.doc,.docx,.png,.jpg,.odt\" aria-invalid=\"false\" type=\"file\" name=\"certificat\" \/><\/span> <\/label>\n<\/p>\n<p><label> 6.Fiche intendance - Engagement internat compl\u00e9t\u00e9e<br \/>\n<span class=\"wpcf7-form-control-wrap\" data-name=\"internat\"><input size=\"40\" class=\"wpcf7-form-control wpcf7-file\" accept=\".pdf,.doc,.docx,.png,.jpg,.odt\" aria-invalid=\"false\" type=\"file\" name=\"internat\" \/><\/span> <\/label>\n<\/p>\n<p><label> 7.Votre RIB (obligatoire)<br \/>\n<span class=\"wpcf7-form-control-wrap\" data-name=\"RIB\"><input size=\"40\" class=\"wpcf7-form-control wpcf7-file wpcf7-validates-as-required\" accept=\".pdf,.doc,.docx,.png,.jpg,.odt\" aria-required=\"true\" aria-invalid=\"false\" type=\"file\" name=\"RIB\" \/><\/span> <\/label>\n<\/p>\n<p><label> 8.Votre adh\u00e9sion \u00e0 l\u2019association des \u00e9tudiants et la liste des mat\u00e9riels et \u00e9quipements EPI (obligatoire)<br \/>\n<span class=\"wpcf7-form-control-wrap\" data-name=\"EPI_AEVAL\"><input size=\"40\" class=\"wpcf7-form-control wpcf7-file wpcf7-validates-as-required\" accept=\".pdf,.doc,.docx,.png,.jpg,.odt\" aria-required=\"true\" aria-invalid=\"false\" type=\"file\" name=\"EPI_AEVAL\" \/><\/span> <\/label>\n<\/p>\n<p><label> 9.Votre photocopie du mail de confirmation du paiement PayAsso (AEVAL) (obligatoire)<br \/>\n<span class=\"wpcf7-form-control-wrap\" data-name=\"PayAsso_aeval\"><input size=\"40\" class=\"wpcf7-form-control wpcf7-file wpcf7-validates-as-required\" accept=\".pdf,.doc,.docx,.png,.jpg,.odt\" aria-required=\"true\" aria-invalid=\"false\" type=\"file\" name=\"PayAsso_aeval\" \/><\/span> <\/label>\n<\/p>\n<p><label> 10.Votre photocopie de la carte nationale d\u2019identit\u00e9 ou passeport ou titre de s\u00e9jour (obligatoire)<br \/>\n<span class=\"wpcf7-form-control-wrap\" data-name=\"CNI\"><input size=\"40\" class=\"wpcf7-form-control wpcf7-file wpcf7-validates-as-required\" accept=\".pdf,.doc,.docx,.png,.jpg,.odt\" aria-required=\"true\" aria-invalid=\"false\" type=\"file\" name=\"CNI\" \/><\/span> <\/label>\n<\/p>\n<p><label> 11.Ins\u00e9rer une photo d'identit\u00e9 (Non obligatoire - Sera \u00e0 fournir \u00e0 la rentr\u00e9e)<br \/>\n<span class=\"wpcf7-form-control-wrap\" data-name=\"Photo\"><input size=\"40\" class=\"wpcf7-form-control wpcf7-file\" accept=\"audio\/*,video\/*,image\/*\" aria-invalid=\"false\" type=\"file\" name=\"Photo\" \/><\/span> <\/label>\n<\/p>\n<p><label> 12.Relev\u00e9 de notes du baccalaur\u00e9at<br \/>\n<span class=\"wpcf7-form-control-wrap\" data-name=\"BAC\"><input size=\"40\" class=\"wpcf7-form-control wpcf7-file\" accept=\".pdf,.doc,.docx,.png,.jpg,.odt\" aria-invalid=\"false\" type=\"file\" name=\"BAC\" \/><\/span> <\/label>\n<\/p>\n\n<p><input class=\"wpcf7-form-control wpcf7-submit has-spinner\" type=\"submit\" value=\"Envoyer\" \/>\n<\/p><p style=\"display: none !important;\" class=\"akismet-fields-container\" data-prefix=\"_wpcf7_ak_\"><label>&#916;<textarea name=\"_wpcf7_ak_hp_textarea\" cols=\"45\" rows=\"8\" maxlength=\"100\"><\/textarea><\/label><input type=\"hidden\" id=\"ak_js_1\" name=\"_wpcf7_ak_js\" value=\"234\"\/><script>document.getElementById( \"ak_js_1\" ).setAttribute( \"value\", ( new Date() ).getTime() );<\/script><\/p><div class=\"wpcf7-response-output\" aria-hidden=\"true\"><\/div>\n<\/form>\n<\/div>\n<\/u><\/strong><\/p>\n<p style=\"text-align: center;\"><strong data-start=\"108\" data-end=\"287\">\u00c0 la suite de votre envoi, un e-mail de confirmation a normalement \u00e9t\u00e9 envoy\u00e9. <\/strong><\/p>\n<p style=\"text-align: center;\"><strong data-start=\"108\" data-end=\"287\">Si vous ne le recevez pas, merci de contacter le secr\u00e9tariat par courriel \u00e0 l\u2019adresse suivante :<\/strong><br data-start=\"287\" data-end=\"290\" \/><strong data-start=\"290\" data-end=\"336\"><a class=\"cursor-pointer\" rel=\"noopener\" data-start=\"292\" data-end=\"334\">secretariat-scolarite.0590122m@ac-lille.fr<\/a><\/strong><\/p>\n<p><strong><u>INFORMATION PRATIQUE DE L&rsquo;\u00c9TUDIANT<\/u><\/strong><\/p>\n<p>AEVAL actualit\u00e9 =&gt; <a href=\"https:\/\/lycee-valentine-labbe.fr\/wordpress\/nos-associations\/association-aeval\">AEVAL<\/a><\/p>\n<p>Le Crous =&gt; <a href=\"https:\/\/www.crous-lille.fr\/publications-crous-lille\/\">https:\/\/www.crous-lille.fr\/publications-crous-lille\/<\/a><\/p>\n<p>Le dossier de Fond Social =&gt; <a href=\"https:\/\/lycee-valentine-labbe.fr\/wordpress\/2022\/01\/08\/dossier-social-etudiant\/\" target=\"_blank\" rel=\"noopener\">Dossier- social pour les \u00e9tudiants<\/a><\/p>\n<p>Liste des logements disponible \u00e0 la location pour les \u00e9tudiants =&gt; <a href=\"https:\/\/lycee-valentine-labbe.fr\/wordpress\/wp-content\/uploads\/2022\/07\/logements-MISE-A-JOUR-2021-2022.xls-Mode-de-compatibilite.pdf\" target=\"_blank\" rel=\"noopener\">Logement Ext\u00e9rieur<\/a><\/p>\n<p>&nbsp;<\/p>\n","protected":false},"excerpt":{"rendered":"<p>&nbsp; CALENDRIER D\u2019INSCRIPTION Futurs bacheliers 2025 Les \u00e9tudiants ayant obtenu leur dipl\u00f4me du BAC avant 2025 Les \u00e9tudiants doublant du Lyc\u00e9e Valentine Labb\u00e9 Les \u00e9tudiants passant en 2\u00e8me ann\u00e9e PROC\u00c9DURE D\u2019INSCRIPTION\u00a0\u00a0 T\u00e9l\u00e9chargez et compl\u00e9tez sur l&rsquo;ordinateur les documents PDF du dossier (Liens bleus) et les enregistrer. Ne sont pas accept\u00e9s\u00a0 les documents manuscrits, scann\u00e9s, ni&hellip; <br \/> <a class=\"read-more\" href=\"https:\/\/lycee-valentine-labbe.fr\/wordpress\/inscription-bts\/\">Lire la suite<\/a><\/p>\n","protected":false},"author":1,"featured_media":0,"parent":0,"menu_order":0,"comment_status":"closed","ping_status":"closed","template":"","meta":{"footnotes":""},"class_list":["post-1539","page","type-page","status-publish","hentry"],"_links":{"self":[{"href":"https:\/\/lycee-valentine-labbe.fr\/wordpress\/wp-json\/wp\/v2\/pages\/1539","targetHints":{"allow":["GET"]}}],"collection":[{"href":"https:\/\/lycee-valentine-labbe.fr\/wordpress\/wp-json\/wp\/v2\/pages"}],"about":[{"href":"https:\/\/lycee-valentine-labbe.fr\/wordpress\/wp-json\/wp\/v2\/types\/page"}],"author":[{"embeddable":true,"href":"https:\/\/lycee-valentine-labbe.fr\/wordpress\/wp-json\/wp\/v2\/users\/1"}],"replies":[{"embeddable":true,"href":"https:\/\/lycee-valentine-labbe.fr\/wordpress\/wp-json\/wp\/v2\/comments?post=1539"}],"version-history":[{"count":32,"href":"https:\/\/lycee-valentine-labbe.fr\/wordpress\/wp-json\/wp\/v2\/pages\/1539\/revisions"}],"predecessor-version":[{"id":2172,"href":"https:\/\/lycee-valentine-labbe.fr\/wordpress\/wp-json\/wp\/v2\/pages\/1539\/revisions\/2172"}],"wp:attachment":[{"href":"https:\/\/lycee-valentine-labbe.fr\/wordpress\/wp-json\/wp\/v2\/media?parent=1539"}],"curies":[{"name":"wp","href":"https:\/\/api.w.org\/{rel}","templated":true}]}}