{"id":138,"date":"2021-07-22T14:34:07","date_gmt":"2021-07-22T12:34:07","guid":{"rendered":"https:\/\/lycee-valentine-labbe.fr\/wordpress\/?page_id=138"},"modified":"2022-09-13T22:11:54","modified_gmt":"2022-09-13T20:11:54","slug":"le-mot-de-monsieur-le-proviseur","status":"publish","type":"page","link":"https:\/\/lycee-valentine-labbe.fr\/wordpress\/lycee-valentine-labbe\/le-mot-de-monsieur-le-proviseur\/","title":{"rendered":"Le mot de Madame le Proviseure"},"content":{"rendered":"<p>Mot de la Proviseure<\/p>\n<p>Doublement lab\u00e9lis\u00e9 : Lyc\u00e9e des M\u00e9tiers de la Biologie, de la Biochimie et des Biotechnologies, de la Sant\u00e9 et du Social et Campus des M\u00e9tiers et des Qualifications dont nous sommes \u00e9tablissement support, l\u2019\u00e9tablissement Valentine LABBE est fort d&rsquo;une histoire et de traditions qui lui assurent des racines solides et un ancrage r\u00e9el sur le territoire de la M\u00e9tropole Europ\u00e9enne Lilloise.<\/p>\n<p>Les actions port\u00e9es par ce lyc\u00e9e, qui entre dans une phase de r\u00e9novation, se d\u00e9veloppent dans un climat de confiance. Confiance en la jeunesse qui fr\u00e9quente l\u2019\u00e9tablissement et qui vient y chercher une formation de qualit\u00e9 susceptible d\u2019offrir des d\u00e9bouch\u00e9s d\u2019insertion professionnelle valorisants.<\/p>\n<p>Exigence, ambition, ouverture et humanit\u00e9 sont les valeurs qui animent tous les personnels de l&rsquo;\u00e9tablissement et guident leurs actions pour la r\u00e9ussite et l&rsquo;\u00e9panouissement des \u00e9l\u00e8ves. L&rsquo;\u00e9tablissement est r\u00e9solument tourn\u00e9 vers l&rsquo;avenir. Les \u00e9quipes enseignantes savent donner du sens \u00e0 leurs enseignements et encourager la motivation des \u00e9l\u00e8ves en pilotant des projets innovants, en cherchant toujours l&rsquo;excellence pour tous et pour chacun.<\/p>\n<p>Le lyc\u00e9e Valentine LABBE est un \u00e9tablissement ouvert qui veut profiter de la pluralit\u00e9 des regards et des exp\u00e9riences de tous les usagers et de sa communaut\u00e9 \u00e9ducative. Ici tous les apprenants ; ceux de la formation continue, les apprentis, tous les lyc\u00e9ens, tous les \u00e9tudiants trouvent leur place en tenant compte des potentialit\u00e9s et des qualit\u00e9s de chacun. Par son offre de formation structur\u00e9e, diversifi\u00e9e et coh\u00e9rente, le lyc\u00e9e Valentine LABBE propose, pour tous, de vrais parcours de r\u00e9ussite dans les domaines porteurs d\u2019emplois des Sciences, de la Sant\u00e9 et du Social.<\/p>\n<p>Je vous remercie pour la confiance que vous nous t\u00e9moignez.<br \/>\nMme BERTOLOTTI<br \/>\nPROVISEURE<\/p>\n","protected":false},"excerpt":{"rendered":"<p>Mot de la Proviseure Doublement lab\u00e9lis\u00e9 : Lyc\u00e9e des M\u00e9tiers de la Biologie, de la Biochimie et des Biotechnologies, de la Sant\u00e9 et du Social et Campus des M\u00e9tiers et des Qualifications dont nous sommes \u00e9tablissement support, l\u2019\u00e9tablissement Valentine LABBE est fort d&rsquo;une histoire et de traditions qui lui assurent des racines solides et un&hellip; <br \/> <a class=\"read-more\" href=\"https:\/\/lycee-valentine-labbe.fr\/wordpress\/lycee-valentine-labbe\/le-mot-de-monsieur-le-proviseur\/\">Lire la suite<\/a><\/p>\n","protected":false},"author":1,"featured_media":0,"parent":142,"menu_order":0,"comment_status":"closed","ping_status":"closed","template":"","meta":{"footnotes":""},"class_list":["post-138","page","type-page","status-publish","hentry"],"_links":{"self":[{"href":"https:\/\/lycee-valentine-labbe.fr\/wordpress\/wp-json\/wp\/v2\/pages\/138","targetHints":{"allow":["GET"]}}],"collection":[{"href":"https:\/\/lycee-valentine-labbe.fr\/wordpress\/wp-json\/wp\/v2\/pages"}],"about":[{"href":"https:\/\/lycee-valentine-labbe.fr\/wordpress\/wp-json\/wp\/v2\/types\/page"}],"author":[{"embeddable":true,"href":"https:\/\/lycee-valentine-labbe.fr\/wordpress\/wp-json\/wp\/v2\/users\/1"}],"replies":[{"embeddable":true,"href":"https:\/\/lycee-valentine-labbe.fr\/wordpress\/wp-json\/wp\/v2\/comments?post=138"}],"version-history":[{"count":3,"href":"https:\/\/lycee-valentine-labbe.fr\/wordpress\/wp-json\/wp\/v2\/pages\/138\/revisions"}],"predecessor-version":[{"id":1200,"href":"https:\/\/lycee-valentine-labbe.fr\/wordpress\/wp-json\/wp\/v2\/pages\/138\/revisions\/1200"}],"up":[{"embeddable":true,"href":"https:\/\/lycee-valentine-labbe.fr\/wordpress\/wp-json\/wp\/v2\/pages\/142"}],"wp:attachment":[{"href":"https:\/\/lycee-valentine-labbe.fr\/wordpress\/wp-json\/wp\/v2\/media?parent=138"}],"curies":[{"name":"wp","href":"https:\/\/api.w.org\/{rel}","templated":true}]}}