{"id":122,"date":"2021-07-22T14:30:21","date_gmt":"2021-07-22T12:30:21","guid":{"rendered":"https:\/\/lycee-valentine-labbe.fr\/wordpress\/?page_id=122"},"modified":"2025-09-13T10:14:20","modified_gmt":"2025-09-13T08:14:20","slug":"contact","status":"publish","type":"page","link":"https:\/\/lycee-valentine-labbe.fr\/wordpress\/contact\/","title":{"rendered":"Contact"},"content":{"rendered":"<p style=\"text-align: center;\">Voici toutes nos coordonn\u00e9es, n\u2019h\u00e9sitez pas \u00e0 nous contacter !<\/p>\n<p style=\"text-align: center;\"><strong>Lyc\u00e9e Valentine Labb\u00e9<\/strong><br \/><strong>41 rue Paul Doumer<\/strong><br \/><strong>BP 20226<\/strong><br \/><strong>59563 La Madeleine C\u00e9dex<\/strong><\/p>\n<h1 id=\"ancr_accueil\" style=\"text-align: center;\"><span style=\"color: #99ccff;\">Accueil<\/span><\/h1>\n<p style=\"text-align: center;\">Madame MAIER<\/p>\n<p style=\"text-align: center;\">Madame ROCQ<\/p>\n<p style=\"text-align: center;\">Tel : 03 20 63 02 63<br \/>Fax : 03 20 51 93 71<\/p>\n<h1 style=\"text-align: center;\"><span style=\"color: #99ccff;\">La Direction<\/span><\/h1>\n<p style=\"text-align: center;\"><strong>Proviseure, Madame BERTOLOTTI<\/strong><\/p>\n<ul style=\"text-align: center;\">\n<li>Direction g\u00e9n\u00e9rale, animation des \u00e9quipes et relations ext\u00e9rieures<\/li>\n<li>Suivi des 2ndes -1\u00e8res et Tles g\u00e9n\u00e9rales \u2013 CPGT TB<\/li>\n<\/ul>\n<p style=\"text-align: center;\">Courriel :\u00a0<a>ce.0590122m@ac-lille.fr<\/a><\/p>\n<p style=\"text-align: center;\"><strong>Proviseure Adjoint, Monsieur JUVANON<\/strong><\/p>\n<ul style=\"text-align: center;\">\n<li>Suivi des Tles A2SP, AEPA, ST2S, STL, BTS ABM, BIOAC, BIOTEC,IFSI et IFAS.<\/li>\n<li>Gestion du Centr\u2019Aide, Coordination des activit\u00e9s culturelles, sociales et\u00a0sportives, Gestion des Professeurs.<\/li>\n<\/ul>\n<p style=\"text-align: center;\">Courriel :\u00a0<a>ce.0590122m@ac-lille.fr<\/a><\/p>\n<p style=\"text-align: center;\"><strong>Proviseure Adjoint, Monsieur AIT-GHERBI<\/strong><\/p>\n<ul style=\"text-align: center;\">\n<li>Suivi des 2A2SP, 2AEPA,1A2SP, 1AEPA, 1ST2S, 1STL, BTS ESF,BTS SP3S,IMRT.<\/li>\n<li>Gestion du Centr\u2019Aide, Coordination des activit\u00e9s\u00a0culturelles, sociales et sportives, Gestion des Professeurs.<\/li>\n<\/ul>\n<p style=\"text-align: center;\">Courriel :\u00a0<a>ce.0590122m@ac-lille.fr<\/a><\/p>\n<h1 style=\"text-align: center;\"><span style=\"color: #99ccff;\">Les Services Administratifs<\/span><\/h1>\n<p style=\"text-align: center;\"><strong>Assistante de direction, Madame WILLAEY<\/strong><\/p>\n<p style=\"text-align: center;\">Tel : 03 20 63 02 62<br \/>Fax : 03 20 51 93 71<br \/>Courriel :\u00a0<a>ce.0590122m@ac-lille.fr<\/a><\/p>\n<p style=\"text-align: center;\"><strong>Secr\u00e9tariat des Proviseurs Adjoints, Gestion des Personnels, Madame DEBLOCK<\/strong><\/p>\n<p style=\"text-align: center;\">Tel : 03 20 63 02 78<br \/>Fax : 03 20 51 93 71<br \/>Courriel : <a>celine.deblock3@ac-lille.fr<\/a><\/p>\n<p style=\"text-align: center;\"><strong>Secr\u00e9tariat des Proviseurs Adjoints ,Gestion des examens, \u00a0Madame PERRON<\/strong><\/p>\n<p style=\"text-align: center;\">Tel : 03 20 63 02 65<br \/>Fax : 03 20 51 93 71<br \/>Courriel :\u00a0<a>morganne.perron@ac-lille.fr<\/a><\/p>\n<p style=\"text-align: center;\"><strong>Secr\u00e9tariat P\u00e9dagogique \u2013 Service de la scolarit\u00e9 des lyc\u00e9ens<\/strong><\/p>\n<p style=\"text-align: center;\">Tel : 03 20 63 89 87<br \/>Fax : 03 20 51 93 71<br \/>Courriel :\u00a0<a>secretariat-scolarite.0590122m@ac-lille.fr<\/a><\/p>\n<h1 style=\"text-align: center;\"><span style=\"color: #99ccff;\">\u00a0Service de l\u2019intendance<\/span><\/h1>\n<p style=\"text-align: center;\"><strong>\u00a0Madame DELEPIERRE<\/strong><\/p>\n<p style=\"text-align: center;\">=&gt; Intendante, Responsable des services \u00e9conomiques<\/p>\n<p style=\"text-align: center;\">Courriel : <span style=\"color: #99ccff;\">intendant.0590122m@ac-lille.fr<\/span><\/p>\n<p style=\"text-align: center;\"><strong>M. LACAUSSADE Herv\u00e9<\/strong><\/p>\n<p style=\"text-align: center;\"><em>=&gt; Responsable de la gestion immobili\u00e8re et mobili\u00e8re,\u00a0<\/em><em>de la s\u00e9curit\u00e9 des personnes et des locaux, gestion administrative\u00a0<\/em><em>des personnels TOS et de laboratoire<\/em><\/p>\n<p style=\"text-align: center;\"><span style=\"color: #333333;\">Courriel : <span style=\"color: #99ccff;\">herve.lacaussade@ac-lille.fr<\/span><\/span><\/p>\n<p style=\"text-align: center;\"><strong>Mme KERKHOVE Caroline<\/strong><\/p>\n<p style=\"text-align: center;\"><em>=&gt; R\u00e9gie de recettes et d\u00e9penses, voyages, AFI 24, e<\/em><em>ncaissements, march\u00e9s alimentaires<\/em><\/p>\n<p>=&gt;\u00a0<em>Responsable du service de la recette, frais scolaires, Bourse des lyc\u00e9es, fonds sociaux,\u00a0gestion UFA avec\u00a0<\/em>CFA\u00a0<em>acad\u00e9mique, taxe d\u2019apprentissage\u00a0<\/em><\/p>\n<p style=\"text-align: center;\"><em>Courriel : <span style=\"color: #99ccff;\">caroline.kerkhove@ac-lille.fr<\/span><\/em><\/p>\n<p style=\"text-align: center;\">\u00a0 \u00a0 \u00a0 \u00a0 \u00a0<strong>Mme COCU Rapha\u00eblle<br \/><\/strong><\/p>\n<p style=\"text-align: center;\"><em>&gt; Service de la d\u00e9pense, frais stage et\u00a0 d\u00e9placements IFSI\u00a0<\/em><\/p>\n<p style=\"text-align: center;\">\u00a0 Courriel : <span style=\"color: #99ccff;\">raphaelle.cocu@ac-lille.fr<\/span><\/p>\n<p style=\"text-align: center;\"><strong>Mme BERNARD St\u00e9phanie<\/strong><\/p>\n<p style=\"text-align: center;\">&gt;\u00a0<em>Gestion des photocopieurs, frais transports agents, TRH\u00a0 apprentis, frais de d\u00e9placements enseignants et BTS<\/em><\/p>\n<p style=\"text-align: center;\">Courriel : <span style=\"color: #99ccff;\">stephanie.bernard2@ac-lille.fr<\/span><\/p>\n<p style=\"text-align: center;\">\u00a0<strong>M. LOBELLE Jean<\/strong><\/p>\n<p style=\"text-align: center;\">&gt;\u00a0<em>Responsable de la gestion du personnel service g\u00e9n\u00e9ral<\/em><\/p>\n<p style=\"text-align: center;\"><strong>M. LAVERGNE Jean Marc<\/strong><\/p>\n<p style=\"text-align: center;\">&gt; Chef cuisine<\/p>\n<p style=\"text-align: center;\">\u00a0<strong>M. BLERVAQUE Didier<\/strong><\/p>\n<p style=\"text-align: center;\">&gt; Responsable Equipe Mobile Ouvrier Professionnels<\/p>\n<h1 style=\"text-align: center;\">Service Informatique<\/h1>\n<p style=\"text-align: center;\"><strong>M. LAUWERIER Gr\u00e9gory<\/strong><\/p>\n<p style=\"text-align: center;\">=&gt; Maintenance Informatique<\/p>\n<p style=\"text-align: center;\">=&gt; Responsable Espace Innovation Partag\u00e9e<\/p>\n<p style=\"text-align: center;\">=&gt; Gestion acc\u00e8s \u00e0 l\u2019internat et au lyc\u00e9e\u00a0<\/p>\n<p style=\"text-align: center;\">\u00a0Courriel : <span style=\"color: #99ccff;\">info.vlabbe@gmail.com<\/span><\/p>\n<h1 style=\"text-align: center;\">Assistante Sociale,<\/h1>\n<p style=\"text-align: center;\"><strong>Mme RENEUVE<\/strong><\/p>\n<p style=\"text-align: center;\">Tel : 03 20 63 02 75<\/p>\n<p style=\"text-align: center;\">Courriel :\u00a0<span style=\"color: #99ccff;\"><strong><a style=\"color: #99ccff;\">cassandre.reneuve@ac-lille.fr<\/a><\/strong><\/span><\/p>\n<h1 style=\"text-align: center;\">Infirmerie<\/h1>\n<p style=\"text-align: center;\">Tel : 03 20 63 02 73<\/p>\n<h1 style=\"text-align: center;\"><span style=\"color: #99ccff;\">P\u00f4le Biologie\/Biochimie<\/span><\/h1>\n<p style=\"text-align: center;\"><strong>DDFPT Scientifique,Monsieur BEVENOT<\/strong><\/p>\n<p style=\"text-align: center;\">Tel : 03 20 63 02 71<\/p>\n<p>Courriel :\u00a0<a>benoit.bevenot@ac-lille.fr<\/a><\/p>\n<p style=\"text-align: center;\"><strong>Assistant DDFPT, Monsieur LEFEBVRE<\/strong><\/p>\n<p style=\"text-align: center;\">Tel : 03 20 63 02 76<\/p>\n<p>Courriel :\u00a0<span style=\"color: #99ccff;\"><a style=\"color: #99ccff;\">cheffedetravaux@gmail.com<\/a><\/span><\/p>\n<p style=\"text-align: center;\"><strong>Technicienne de laboratoire responsable du secteur Microbiologie<\/strong><\/p>\n<p style=\"text-align: center;\"><strong>Technicienne de laboratoire responsable du secteur Biologie\/Biochimie, Biologie Mol\u00e9culaire<\/strong><\/p>\n<p style=\"text-align: center;\"><strong>Technicienne de laboratoire responsable du secteur Immunologie, H\u00e9matologie et Cultures Cellulaires<br \/><\/strong><\/p>\n<p style=\"text-align: center;\">Contacts :\u00a0<a>Passer par l\u2019accueil<\/a><\/p>\n<h1 style=\"text-align: center;\">P\u00f4le Sant\u00e9<\/h1>\n<p style=\"text-align: center;\"><strong>DDFPT Sant\u00e9, Directeur de l\u2019IFSI \/ IFAS, Monsieur AMRIR<\/strong><\/p>\n<p style=\"text-align: center;\">Tel : 03 20 63 02 67<\/p>\n<p style=\"text-align: center;\"><strong>Secr\u00e9taire du P\u00f4le Sant\u00e9, Madame ANGA Myriana<br \/><\/strong><\/p>\n<p style=\"text-align: center;\">Tel : 03 20 63 02 67<\/p>\n<p>\u00a0 \u00a0 \u00a0 \u00a0 \u00a0 \u00a0 \u00a0 \u00a0 \u00a0 \u00a0 \u00a0 \u00a0 \u00a0 \u00a0 \u00a0 \u00a0 \u00a0 \u00a0 \u00a0 \u00a0 \u00a0 \u00a0Courriel : <span style=\"color: #99ccff;\"><a style=\"color: #99ccff;\">secretariat-ifsivl@ac-lille.fr<\/a><\/span><\/p>\n<p style=\"text-align: center;\"><strong>Secr\u00e9tariat IFAS<\/strong><br \/><a href=\"mailto:secretariat-ifasvl@ac-lille.fr\">secretariat-ifasvl@ac-lille.fr<\/a><br \/>03 20 63 89 83<\/p>\n<p style=\"text-align: center;\"><strong>Responsable des stages,\u00a0<\/strong><\/p>\n<p style=\"text-align: center;\">Tel : 03 20 63 89 97<\/p>\n<p style=\"text-align: center;\">\u00a0<\/p>\n<p style=\"text-align: center;\">\u00a0<\/p>\n<p style=\"text-align: center;\"><strong>\u00a0Coordonnateurs IMRT, Madame BOURFISSI, Madame LIBERAL, Monsieur LIENART, Monsieur PODEVINS, Monsieur Houmad AZZOUZ<\/strong><\/p>\n<p style=\"text-align: center;\">Tel : 03 20 63 02 72<br \/>Courriel :\u00a0<a>dts.imrt@ac-lille.fr<\/a><\/p>\n<p style=\"text-align: center;\"><strong>Secr\u00e9tariat IMRT, Madame BOGUSLAWSKI<\/strong><\/p>\n<p style=\"text-align: center;\">Tel : 03 20 63 02 72<br \/>Courriel :\u00a0<a>dts.imrt@ac-lille.fr<\/a><\/p>\n<h1>\u00a0<\/h1>\n<h1 style=\"text-align: center;\">P\u00f4le Social<\/h1>\n<p style=\"text-align: center;\"><strong>DDFPT Social et Sanitaire et de l\u2019UFA, Monsieur DELEVAL<\/strong><\/p>\n<p style=\"text-align: center;\"><strong>Pour les BAC Pro ASSP, AEPA, CAP AEPE, IMRT, BTS SP3S et ESF<\/strong><\/p>\n<p style=\"text-align: center;\">Tel: 03.20.63.02.52<\/p>\n<p style=\"text-align: center;\"><strong>Assistante DDFPT, Madame DEBRANDT<\/strong><\/p>\n<p style=\"text-align: center;\"><strong>Secr\u00e9tariat de l\u2019UFA, Madame BECK<\/strong><\/p>\n<p style=\"text-align: center;\">Tel : 03 20 63 89 88<\/p>\n<p>\u00a0<\/p>\n<p style=\"text-align: center;\"><br \/>Courriel :\u00a0<a>ufa.vlabbe@ac-lille.fr<\/a><\/p>\n\n\n<iframe src=\"https:\/\/www.google.com\/maps\/embed?pb=!1m14!1m8!1m3!1d10119.609564398346!2d3.0736492!3d50.6475039!3m2!1i1024!2i768!4f13.1!3m3!1m2!1s0x0%3A0x7b39db159183ee9f!2sLyc%C3%A9e%20Valentine%20Labb%C3%A9!5e0!3m2!1sfr!2sfr!4v1627488650393!5m2!1sfr!2sfr\" width=\"600\" height=\"450\" style=\"border:0;\" allowfullscreen=\"\" loading=\"lazy\"><\/iframe>\n","protected":false},"excerpt":{"rendered":"<p>Voici toutes nos coordonn\u00e9es, n\u2019h\u00e9sitez pas \u00e0 nous contacter ! Lyc\u00e9e Valentine Labb\u00e941 rue Paul DoumerBP 2022659563 La Madeleine C\u00e9dex Accueil Madame MAIER Madame ROCQ Tel : 03 20 63 02 63Fax : 03 20 51 93 71 La Direction Proviseure, Madame BERTOLOTTI Direction g\u00e9n\u00e9rale, animation des \u00e9quipes et relations ext\u00e9rieures Suivi des 2ndes -1\u00e8res&hellip; <br \/> <a class=\"read-more\" href=\"https:\/\/lycee-valentine-labbe.fr\/wordpress\/contact\/\">Lire la suite<\/a><\/p>\n","protected":false},"author":1,"featured_media":0,"parent":0,"menu_order":0,"comment_status":"closed","ping_status":"closed","template":"","meta":{"footnotes":""},"class_list":["post-122","page","type-page","status-publish","hentry"],"_links":{"self":[{"href":"https:\/\/lycee-valentine-labbe.fr\/wordpress\/wp-json\/wp\/v2\/pages\/122","targetHints":{"allow":["GET"]}}],"collection":[{"href":"https:\/\/lycee-valentine-labbe.fr\/wordpress\/wp-json\/wp\/v2\/pages"}],"about":[{"href":"https:\/\/lycee-valentine-labbe.fr\/wordpress\/wp-json\/wp\/v2\/types\/page"}],"author":[{"embeddable":true,"href":"https:\/\/lycee-valentine-labbe.fr\/wordpress\/wp-json\/wp\/v2\/users\/1"}],"replies":[{"embeddable":true,"href":"https:\/\/lycee-valentine-labbe.fr\/wordpress\/wp-json\/wp\/v2\/comments?post=122"}],"version-history":[{"count":18,"href":"https:\/\/lycee-valentine-labbe.fr\/wordpress\/wp-json\/wp\/v2\/pages\/122\/revisions"}],"predecessor-version":[{"id":2254,"href":"https:\/\/lycee-valentine-labbe.fr\/wordpress\/wp-json\/wp\/v2\/pages\/122\/revisions\/2254"}],"wp:attachment":[{"href":"https:\/\/lycee-valentine-labbe.fr\/wordpress\/wp-json\/wp\/v2\/media?parent=122"}],"curies":[{"name":"wp","href":"https:\/\/api.w.org\/{rel}","templated":true}]}}