{"id":118,"date":"2021-07-22T14:29:06","date_gmt":"2021-07-22T12:29:06","guid":{"rendered":"https:\/\/lycee-valentine-labbe.fr\/wordpress\/?page_id=118"},"modified":"2022-08-01T12:32:59","modified_gmt":"2022-08-01T10:32:59","slug":"eip","status":"publish","type":"page","link":"https:\/\/lycee-valentine-labbe.fr\/wordpress\/vie-de-letablissement\/eip\/","title":{"rendered":"EIP Espace d&rsquo;innovation Partag\u00e9 (Fablab)"},"content":{"rendered":"<h1 style=\"text-align: center;\"><b>EIP Espace d&rsquo;Innovation Partag\u00e9 (Fablab)<\/b><\/h1>\n<p>&nbsp;<\/p>\n<p>L&rsquo;Espace d&rsquo;Innovation Partag\u00e9 \u00a0du campus Valentine Labbe est ouvert \u00e0 tous les membres du lyc\u00e9e et permet de r\u00e9aliser des projets gr\u00e2ce aux machines de production num\u00e9rique mise \u00e0 disposition gr\u00e2ce au financement de la R\u00e9gion : imprimante 3D, scanner 3D, lunette 3D( r\u00e9alit\u00e9 virtuelle), d\u00e9coupe laser ,plotter de d\u00e9coupe, cartes \u00e9lectroniques &#8230;.<\/p>\n<p style=\"text-align: center;\"><b>Vous \u00eates int\u00e9ress\u00e9<span class=\"Apple-converted-space\">\u00a0 <\/span>pour d\u00e9couvrir ou faire des projets , un mail \u00e0 : <\/b><b>eip.vlabbe@gmail.com<\/b><\/p>\n<p>&nbsp;<\/p>\n<p>&nbsp;<\/p>\n<p>&nbsp;<\/p>\n<div class='embed-container'><iframe class=\"wp-embedded-content\" sandbox=\"allow-scripts\" security=\"restricted\" title=\"E.I.P.\" frameborder='0' width='1200' height='675' src='https:\/\/view.genial.ly\/6102bf96e6416f0dc63ef794#?secret=J48itkxP6Z' data-secret='J48itkxP6Z' scrolling='yes'><\/iframe><\/div>\n<p>&nbsp;<\/p>\n<div id=\"metaslider-id-1130\" style=\"width: 100%;\" class=\"ml-slider-3-107-0 metaslider metaslider-flex metaslider-1130 ml-slider has-dots-nav ms-theme-default\" role=\"region\" aria-label=\"EIP\" data-height=\"300\" data-width=\"700\">\n    <div id=\"metaslider_container_1130\">\n        <div id=\"metaslider_1130\">\n            <ul class='slides'>\n                <li style=\"display: block; width: 100%;\" class=\"slide-1144 ms-image \" aria-roledescription=\"slide\" data-date=\"2022-08-01 12:26:41\" data-filename=\"IMG_9709-scaled-700x300.jpeg\" data-slide-type=\"image\"><img loading=\"lazy\" decoding=\"async\" src=\"https:\/\/lycee-valentine-labbe.fr\/wordpress\/wp-content\/uploads\/2022\/08\/IMG_9709-scaled-700x300.jpeg\" height=\"300\" width=\"700\" alt=\"\" class=\"slider-1130 slide-1144 msDefaultImage\" title=\"IMG_9709\" \/><\/li>\n                <li style=\"display: none; width: 100%;\" class=\"slide-1143 ms-image \" aria-roledescription=\"slide\" data-date=\"2022-08-01 12:26:40\" data-filename=\"IMG_9714-scaled-700x300.jpeg\" data-slide-type=\"image\"><img loading=\"lazy\" decoding=\"async\" src=\"https:\/\/lycee-valentine-labbe.fr\/wordpress\/wp-content\/uploads\/2022\/08\/IMG_9714-scaled-700x300.jpeg\" height=\"300\" width=\"700\" alt=\"\" class=\"slider-1130 slide-1143 msDefaultImage\" title=\"IMG_9714\" \/><\/li>\n                <li style=\"display: none; width: 100%;\" class=\"slide-1145 ms-image \" aria-roledescription=\"slide\" data-date=\"2022-08-01 12:26:41\" data-filename=\"IMG_9704-scaled-700x300.jpeg\" data-slide-type=\"image\"><img loading=\"lazy\" decoding=\"async\" src=\"https:\/\/lycee-valentine-labbe.fr\/wordpress\/wp-content\/uploads\/2022\/08\/IMG_9704-scaled-700x300.jpeg\" height=\"300\" width=\"700\" alt=\"\" class=\"slider-1130 slide-1145 msDefaultImage\" title=\"IMG_9704\" \/><\/li>\n                <li style=\"display: none; width: 100%;\" class=\"slide-1142 ms-image \" aria-roledescription=\"slide\" data-date=\"2022-08-01 12:26:40\" data-filename=\"IMG_20210322_124518-scaled-700x300.jpg\" data-slide-type=\"image\"><img loading=\"lazy\" decoding=\"async\" src=\"https:\/\/lycee-valentine-labbe.fr\/wordpress\/wp-content\/uploads\/2022\/08\/IMG_20210322_124518-scaled-700x300.jpg\" height=\"300\" width=\"700\" alt=\"\" class=\"slider-1130 slide-1142 msDefaultImage\" title=\"IMG_20210322_124518\" \/><\/li>\n                <li style=\"display: none; width: 100%;\" class=\"slide-1146 ms-image \" aria-roledescription=\"slide\" data-date=\"2022-08-01 12:26:41\" data-filename=\"IMG_20210322_124623-scaled-700x300.jpg\" data-slide-type=\"image\"><img loading=\"lazy\" decoding=\"async\" src=\"https:\/\/lycee-valentine-labbe.fr\/wordpress\/wp-content\/uploads\/2022\/08\/IMG_20210322_124623-scaled-700x300.jpg\" height=\"300\" width=\"700\" alt=\"\" class=\"slider-1130 slide-1146 msDefaultImage\" title=\"IMG_20210322_124623\" \/><\/li>\n                <li style=\"display: none; width: 100%;\" class=\"slide-1149 ms-image \" aria-roledescription=\"slide\" data-date=\"2022-08-01 12:26:41\" data-filename=\"IMG_8556-700x300.jpg\" data-slide-type=\"image\"><img loading=\"lazy\" decoding=\"async\" src=\"https:\/\/lycee-valentine-labbe.fr\/wordpress\/wp-content\/uploads\/2022\/08\/IMG_8556-700x300.jpg\" height=\"300\" width=\"700\" alt=\"\" class=\"slider-1130 slide-1149 msDefaultImage\" title=\"IMG_8556\" \/><\/li>\n                <li style=\"display: none; width: 100%;\" class=\"slide-1147 ms-image \" aria-roledescription=\"slide\" data-date=\"2022-08-01 12:26:41\" data-filename=\"IMG_2171-scaled-700x300.jpg\" data-slide-type=\"image\"><img loading=\"lazy\" decoding=\"async\" src=\"https:\/\/lycee-valentine-labbe.fr\/wordpress\/wp-content\/uploads\/2022\/08\/IMG_2171-scaled-700x300.jpg\" height=\"300\" width=\"700\" alt=\"\" class=\"slider-1130 slide-1147 msDefaultImage\" title=\"IMG_2171\" \/><\/li>\n                <li style=\"display: none; width: 100%;\" class=\"slide-1156 ms-image \" aria-roledescription=\"slide\" data-date=\"2022-08-01 12:31:41\" data-filename=\"DYVC1088-scaled-700x300.jpg\" data-slide-type=\"image\"><img loading=\"lazy\" decoding=\"async\" src=\"https:\/\/lycee-valentine-labbe.fr\/wordpress\/wp-content\/uploads\/2022\/08\/DYVC1088-scaled-700x300.jpg\" height=\"300\" width=\"700\" alt=\"\" class=\"slider-1130 slide-1156 msDefaultImage\" title=\"DYVC1088\" \/><\/li>\n                <li style=\"display: none; width: 100%;\" class=\"slide-1157 ms-image \" aria-roledescription=\"slide\" data-date=\"2022-08-01 12:31:41\" data-filename=\"IMG_9249-700x300.jpg\" data-slide-type=\"image\"><img loading=\"lazy\" decoding=\"async\" src=\"https:\/\/lycee-valentine-labbe.fr\/wordpress\/wp-content\/uploads\/2022\/08\/IMG_9249-700x300.jpg\" height=\"300\" width=\"700\" alt=\"\" class=\"slider-1130 slide-1157 msDefaultImage\" title=\"IMG_9249\" \/><\/li>\n                <li style=\"display: none; width: 100%;\" class=\"slide-1158 ms-image \" aria-roledescription=\"slide\" data-date=\"2022-08-01 12:31:41\" data-filename=\"IMG_9657-scaled-700x300.jpg\" data-slide-type=\"image\"><img loading=\"lazy\" decoding=\"async\" src=\"https:\/\/lycee-valentine-labbe.fr\/wordpress\/wp-content\/uploads\/2022\/08\/IMG_9657-scaled-700x300.jpg\" height=\"300\" width=\"700\" alt=\"\" class=\"slider-1130 slide-1158 msDefaultImage\" title=\"IMG_9657\" \/><\/li>\n                <li style=\"display: none; width: 100%;\" class=\"slide-1159 ms-image \" aria-roledescription=\"slide\" data-date=\"2022-08-01 12:31:41\" data-filename=\"IMG_9903-scaled-700x300.jpg\" data-slide-type=\"image\"><img loading=\"lazy\" decoding=\"async\" src=\"https:\/\/lycee-valentine-labbe.fr\/wordpress\/wp-content\/uploads\/2022\/08\/IMG_9903-scaled-700x300.jpg\" height=\"300\" width=\"700\" alt=\"\" class=\"slider-1130 slide-1159 msDefaultImage\" title=\"IMG_9903\" \/><\/li>\n                <li style=\"display: none; width: 100%;\" class=\"slide-1160 ms-image \" aria-roledescription=\"slide\" data-date=\"2022-08-01 12:31:41\" data-filename=\"IMG_1358-scaled-700x300.jpg\" data-slide-type=\"image\"><img loading=\"lazy\" decoding=\"async\" src=\"https:\/\/lycee-valentine-labbe.fr\/wordpress\/wp-content\/uploads\/2022\/08\/IMG_1358-scaled-700x300.jpg\" height=\"300\" width=\"700\" alt=\"\" class=\"slider-1130 slide-1160 msDefaultImage\" title=\"IMG_1358\" \/><\/li>\n                <li style=\"display: none; width: 100%;\" class=\"slide-1148 ms-image \" aria-roledescription=\"slide\" data-date=\"2022-08-01 12:26:41\" data-filename=\"IMG_5117-scaled-700x300.jpg\" data-slide-type=\"image\"><img loading=\"lazy\" decoding=\"async\" src=\"https:\/\/lycee-valentine-labbe.fr\/wordpress\/wp-content\/uploads\/2022\/08\/IMG_5117-scaled-700x300.jpg\" height=\"300\" width=\"700\" alt=\"\" class=\"slider-1130 slide-1148 msDefaultImage\" title=\"IMG_5117\" \/><\/li>\n            <\/ul>\n        <\/div>\n        \n    <\/div>\n<\/div>\n","protected":false},"excerpt":{"rendered":"<p>EIP Espace d&rsquo;Innovation Partag\u00e9 (Fablab) &nbsp; L&rsquo;Espace d&rsquo;Innovation Partag\u00e9 \u00a0du campus Valentine Labbe est ouvert \u00e0 tous les membres du lyc\u00e9e et permet de r\u00e9aliser des projets gr\u00e2ce aux machines de production num\u00e9rique mise \u00e0 disposition gr\u00e2ce au financement de la R\u00e9gion : imprimante 3D, scanner 3D, lunette 3D( r\u00e9alit\u00e9 virtuelle), d\u00e9coupe laser ,plotter de&hellip; <br \/> <a class=\"read-more\" href=\"https:\/\/lycee-valentine-labbe.fr\/wordpress\/vie-de-letablissement\/eip\/\">Lire la suite<\/a><\/p>\n","protected":false},"author":1,"featured_media":0,"parent":370,"menu_order":0,"comment_status":"closed","ping_status":"closed","template":"","meta":{"footnotes":""},"class_list":["post-118","page","type-page","status-publish","hentry"],"_links":{"self":[{"href":"https:\/\/lycee-valentine-labbe.fr\/wordpress\/wp-json\/wp\/v2\/pages\/118","targetHints":{"allow":["GET"]}}],"collection":[{"href":"https:\/\/lycee-valentine-labbe.fr\/wordpress\/wp-json\/wp\/v2\/pages"}],"about":[{"href":"https:\/\/lycee-valentine-labbe.fr\/wordpress\/wp-json\/wp\/v2\/types\/page"}],"author":[{"embeddable":true,"href":"https:\/\/lycee-valentine-labbe.fr\/wordpress\/wp-json\/wp\/v2\/users\/1"}],"replies":[{"embeddable":true,"href":"https:\/\/lycee-valentine-labbe.fr\/wordpress\/wp-json\/wp\/v2\/comments?post=118"}],"version-history":[{"count":8,"href":"https:\/\/lycee-valentine-labbe.fr\/wordpress\/wp-json\/wp\/v2\/pages\/118\/revisions"}],"predecessor-version":[{"id":1161,"href":"https:\/\/lycee-valentine-labbe.fr\/wordpress\/wp-json\/wp\/v2\/pages\/118\/revisions\/1161"}],"up":[{"embeddable":true,"href":"https:\/\/lycee-valentine-labbe.fr\/wordpress\/wp-json\/wp\/v2\/pages\/370"}],"wp:attachment":[{"href":"https:\/\/lycee-valentine-labbe.fr\/wordpress\/wp-json\/wp\/v2\/media?parent=118"}],"curies":[{"name":"wp","href":"https:\/\/api.w.org\/{rel}","templated":true}]}}