{"id":108,"date":"2021-07-22T14:27:02","date_gmt":"2021-07-22T12:27:02","guid":{"rendered":"https:\/\/lycee-valentine-labbe.fr\/wordpress\/?page_id=108"},"modified":"2022-11-20T18:56:08","modified_gmt":"2022-11-20T17:56:08","slug":"association-coop","status":"publish","type":"page","link":"https:\/\/lycee-valentine-labbe.fr\/wordpress\/nos-associations\/association-coop\/","title":{"rendered":"Association COOP"},"content":{"rendered":"<p><a href=\"https:\/\/lycee-valentine-labbe.fr\/wordpress\/nos-associations\/association-coop\/capture_d_ecran_20_11_2022_18_50\/\" rel=\"attachment wp-att-1326\"><img loading=\"lazy\" decoding=\"async\" class=\"size-full wp-image-1326 aligncenter\" src=\"https:\/\/lycee-valentine-labbe.fr\/wordpress\/wp-content\/uploads\/2022\/11\/Capture_d_ecran_20_11_2022_18_50.jpg\" alt=\"\" width=\"288\" height=\"234\" \/><\/a><\/p>\n<ul>\n<li>Pr\u00e9sentation de l\u2019Association \u00ab\u00a0<em>Coop\u00e9rative Lyc\u00e9e Valentine LABBE<\/em>\u00bb<\/li>\n<\/ul>\n<div class='embed-container'>\n<blockquote class=\"wp-embedded-content\" data-secret=\"v6jb8nYaln\"><p><a href=\"https:\/\/lycee-valentine-labbe.fr\/wordpress\/2021\/11\/20\/concours-logo-coop\/\">Concours LOGO  : COOP<\/a><\/p><\/blockquote>\n<p><iframe loading=\"lazy\" class=\"wp-embedded-content\" sandbox=\"allow-scripts\" security=\"restricted\" style=\"position: absolute; clip: rect(1px, 1px, 1px, 1px);\" title=\"\u00ab\u00a0Concours LOGO  : COOP\u00a0\u00bb &#8212; Campus Valentine Labb\u00e9\" src=\"https:\/\/lycee-valentine-labbe.fr\/wordpress\/2021\/11\/20\/concours-logo-coop\/embed\/#?secret=vIOstJHsC8#?secret=v6jb8nYaln\" data-secret=\"v6jb8nYaln\" width=\"600\" height=\"338\" frameborder=\"0\" marginwidth=\"0\" marginheight=\"0\" scrolling=\"no\"><\/iframe><\/div>\n<p>L&rsquo;association Loi 1901 \u00ab\u00a0<em>Foyer Socio-\u00e9ducatif du Lyc\u00e9e technique Valentine LABBE et C.E.T. Jumel\u00e9<\/em>\u00a0\u00bb a \u00e9t\u00e9 cr\u00e9\u00e9e le 24 septembre 1971.<\/p>\n<p>Cette association d\u00e9pend de l&rsquo;OCCE\u00a0: Office Central de la Coop\u00e9ration \u00e0 l\u2019\u00c9cole\u00a0: association Loi 1901, reconnue d&rsquo;utilit\u00e9 publique et agr\u00e9\u00e9e au titre des associations compl\u00e9mentaires de l&rsquo;\u00e9cole par le minist\u00e8re de l\u2019\u00c9ducation nationale.<\/p>\n<p>Lors de l&rsquo;Assembl\u00e9e G\u00e9n\u00e9rale du 2 juin 2020, l&rsquo;association est devenue\u00a0: \u00ab\u00a0Coop\u00e9rative Lyc\u00e9e Valentine LABBE\u00a0\u00bb.<\/p>\n<p>La Coop\u00e9rative est compos\u00e9e de 5 membres\u00a0: Un Pr\u00e9sident, un Tr\u00e9sorier, deux secr\u00e9taires et un repr\u00e9sentant d&rsquo;\u00e9l\u00e8ve.<\/p>\n<p>Elle est organis\u00e9e \u00e0 l&rsquo;initiative des personnels et \u00e9l\u00e8ves. Elle ne se limite pas \u00e0 l&rsquo;organisation de loisirs mais participe \u00e9galement \u00e0 la mise \u00e0 disposition de mat\u00e9riel p\u00e9dagogique par le biais de commandes group\u00e9es (blouses, livres consommables, photo de classe). Elle peut intervenir en aide aux \u00e9l\u00e8ves en difficult\u00e9 financi\u00e8re, familiale, sociale. Elle intervient financi\u00e8rement dans les projets \u00e9ducatifs organis\u00e9s par le personnel \u00e0 destination des \u00e9l\u00e8ves. Elle contribue \u00e0 des actions de solidarit\u00e9.<\/p>\n<p>&nbsp;<\/p>\n<ul>\n<li>Pourquoi adh\u00e9rer\u00a0?<\/li>\n<\/ul>\n<p>&nbsp;<\/p>\n<p>En adh\u00e9rant \u00e0 la Coop\u2019, vous b\u00e9n\u00e9ficierez<\/p>\n<ul>\n<li>De prix r\u00e9duits pour l\u2019achat de mat\u00e9riels scolaires gr\u00e2ce \u00e0 des commandes group\u00e9es\u00a0(livres consommables, blouses, gants et lunettes de s\u00e9curit\u00e9 pour les TP en laboratoire) ;<\/li>\n<li>D\u2019une r\u00e9duction ou d\u2019une prise en charge financi\u00e8re des frais li\u00e9s aux sorties culturelles (visites de mus\u00e9es, d\u2019expositions, d\u2019entreprises, s\u00e9ances au cin\u00e9ma) et aux d\u00e9placements scolaires\u00a0;<\/li>\n<li>D\u2019une r\u00e9duction du co\u00fbt des voyages scolaires organis\u00e9s chaque ann\u00e9e en Espagne, en Angleterre, en Allemagne\u2026<\/li>\n<li>D\u2019un tarif pr\u00e9f\u00e9rentiel pour les photos de classe.<\/li>\n<\/ul>\n<p>La Coop\u2019 prend en charge les frais li\u00e9s \u00e0 la sortie d\u2019int\u00e9gration, organis\u00e9e chaque ann\u00e9e pour les \u00e9l\u00e8ves de seconde.<\/p>\n<p>La Coop\u2019 m\u00e8ne des actions de solidarit\u00e9, en faveur des \u00e9l\u00e8ves adh\u00e9rents confront\u00e9s \u00e0 des situations particuli\u00e8res\u00a0:<\/p>\n<ul>\n<li>Aides ponctuelles aux \u00e9l\u00e8ves dont les familles sont en difficult\u00e9s, en concertation avec l\u2019assistant de service social\u00a0;<\/li>\n<li>Aides d\u2019urgence aux \u00e9l\u00e8ves victimes de sinistres&#8230;<\/li>\n<\/ul>\n<p>Votre adh\u00e9sion \u00e0 la Coop\u2019 permet, en plus de financer la sortie d\u2019int\u00e9gration des secondes,\u00a0de\u00a0:<\/p>\n<ul>\n<li>Subventionner diff\u00e9rents projets de classe,<\/li>\n<li>Contribuer au financement d\u2019actions qui participent \u00e0 la vie scolaire\u00a0: \u00ab\u00a0Soir\u00e9e des Talents\u00a0\u00bb, financement en partie de la participation d\u2019\u00e9l\u00e8ves du Lyc\u00e9e au Championnat de tir, au Championnat de Boxe Fran\u00e7aise et Anglaise.<\/li>\n<\/ul>\n<p>&nbsp;<\/p>\n<p><strong>La cotisation des lyc\u00e9ens pour l\u2019ann\u00e9e scolaire 2021-2022 est fix\u00e9e \u00e0 9 <\/strong><strong>\u20ac.<\/strong><\/p>\n<p>Les \u00e9l\u00e8ves b\u00e9n\u00e9ficiant du Fonds Social Lyc\u00e9en pourront obtenir une r\u00e9duction de cotisation. Le montant, alors de 5 \u20ac, sera \u00e0 r\u00e9gler apr\u00e8s l\u2019accord d\u2019une aide dans le cadre du Fonds Social, en septembre de l\u2019ann\u00e9e scolaire entam\u00e9e.<\/p>\n<p>&nbsp;<\/p>\n<p>Aucune adh\u00e9sion ne sera prise en compte apr\u00e8s les vacances de la Toussaint.<\/p>\n<p>&nbsp;<\/p>\n<p><strong>Ann\u00e9e scolaire 2020-2021\u00a0: <u>537 adh\u00e9rents<\/u> soit 48.3 % des \u00e9l\u00e8ves du Lyc\u00e9e.<\/strong><\/p>\n<p>&nbsp;<\/p>\n<p>&nbsp;<\/p>\n<ul>\n<li><strong>Journ\u00e9e d&rsquo;Int\u00e9gration des Secondes<\/strong><\/li>\n<\/ul>\n<p><strong>\u00a0<\/strong><\/p>\n<p>La Coop\u00e9rative aide au financement de la journ\u00e9e d&rsquo;int\u00e9gration des \u00e9l\u00e8ves de seconde chaque ann\u00e9e\u00a0!Voici un petit floril\u00e8ge de ce qui a \u00e9t\u00e9 r\u00e9alis\u00e9 pour\/par les \u00e9l\u00e8ves\u00a0:<\/p>\n<p><strong>\u00a0<\/strong><\/p>\n<p><strong>&#8211; Septembre 2019\u00a0: Journ\u00e9e d&rsquo;Int\u00e9gration en partenariat avec le Coll\u00e8ge Yvonne ABBAS de LA MADELEINE<\/strong><\/p>\n<p>&nbsp;<\/p>\n<p>Les \u00e9l\u00e8ves de premi\u00e8re ont pr\u00e9sent\u00e9 aux nouveaux camarades de Seconde deux salles (de classe) transform\u00e9es en Escape Game pour l\u2019occasion.<\/p>\n<p>Afin de r\u00e9aliser ce projet, ils ont \u00e9t\u00e9 accompagn\u00e9s par un professionnel et par les professeurs charg\u00e9s de l\u2019Accompagnement Personnalis\u00e9, durant l\u2019ann\u00e9e scolaire 2018-2019.<\/p>\n<p>Au programme : \u00e9nigmes, narration, logique, sens de l\u2019observation.<\/p>\n<p>Deux univers diff\u00e9rents ont \u00e9t\u00e9 cr\u00e9\u00e9s : si dans l\u2019un il s\u2019agit de lib\u00e9rer la princesse, dans l\u2019autre les joueurs sont des cambrioleurs professionnels qui doivent d\u00e9celer les secrets d\u2019une prison et retrouver les dossiers d\u2019un m\u00e9decin suspect&#8230;<\/p>\n<p>&nbsp;<\/p>\n<p>&nbsp;<\/p>\n<p>&nbsp;<\/p>\n<p>&nbsp;<\/p>\n<p>&nbsp;<\/p>\n<p>&nbsp;<\/p>\n<p>&nbsp;<\/p>\n<p>&nbsp;<\/p>\n<p>&nbsp;<\/p>\n<p>&nbsp;<\/p>\n<p>&nbsp;<\/p>\n<p>&nbsp;<\/p>\n<p>&nbsp;<\/p>\n<p>&nbsp;<\/p>\n<p>Si vous souhaitez avoir plus d&rsquo;informations sur le travail extraordinaire fait par les \u00e9l\u00e8ves\u00a0: rendez-vous \u00e0 l&rsquo;adresse suivante\u00a0: <a href=\"https:\/\/radioturbovalentinelabbe.wordpress.com\/2019\/01\/10\/serious-escape-game-a-valentine-labbe\/\"><strong>https:\/\/radioturbovalentinelabbe.wordpress.com\/2019\/01\/10\/serious-escape-game-a-valentine-labbe\/<\/strong><\/a><\/p>\n<p><strong>Septembre 2020\u00a0: Les \u00e9l\u00e8ves ont explor\u00e9 le jeu coop\u00e9ratif \u00ab\u00a0Keep Talking Nobody\u00a0Explodes \u00bb<\/strong><\/p>\n<p>&nbsp;<\/p>\n<p><strong>Septembre 2021\u00a0: Projet en cours de pr\u00e9paration !<\/strong><\/p>\n<p>&nbsp;<\/p>\n<ul>\n<li><strong>Achats \u00e0 prix pr\u00e9f\u00e9rentiels<\/strong><\/li>\n<\/ul>\n<p><strong>\u00a0<\/strong><\/p>\n<p><strong>\u2192 Manuels consommables au Lyc\u00e9e Professionnel :<\/strong><\/p>\n<p>&nbsp;<\/p>\n<p>Votre enfant poursuit sa scolarit\u00e9 dans la voie professionnelle, la Coop\u00e9rative du Lyc\u00e9e Valentine LABBE propose \u00e0 ses adh\u00e9rents, \u00e0 un prix pr\u00e9f\u00e9rentiel, de les accompagner en s&rsquo;occupant de l&rsquo;achat et de la distribution des manuels consommables : des livres que les \u00e9l\u00e8ves doivent acheter au d\u00e9but du cursus et qu&rsquo;ils garderont, sauf modification des programmes, pendant les 3 ann\u00e9es de leur scolarit\u00e9.<\/p>\n<p>Vous trouverez ci-dessous un tableau r\u00e9capitulatif des achats effectu\u00e9s \u00e0 la rentr\u00e9e 2020-2021 avec le comparatif prix public\/prix propos\u00e9 aux adh\u00e9rents \u00e0 la COOP.<\/p>\n<table width=\"951\">\n<tbody>\n<tr>\n<td width=\"111\">Classes<\/td>\n<td width=\"622\">Livres<\/td>\n<td width=\"87\">prix public en \u20ac<\/td>\n<td width=\"131\">Prix Coop<\/p>\n<p>2021-2022 en \u20ac<\/td>\n<\/tr>\n<tr>\n<td rowspan=\"4\" width=\"111\">Seconde ASSP<\/td>\n<td width=\"622\">Sciences M\u00e9dico-Sociales (SMS) 2<sup>nde<\/sup>, 1<sup>\u00e8re<\/sup> et Tle BAC PRO ASSP (2018) \u2013 Pochette \u00e9l\u00e8ve<\/p>\n<p>Services \u00e0 l&rsquo;usager 2d\/1re\/Tle Bac Pro ASSP (2018) Option \u00ab\u00a0 A domicile\u00a0\u00bb et \u00ab\u00a0En structure\u00a0\u00bb<\/td>\n<td rowspan=\"4\" width=\"87\">151.3<\/td>\n<td rowspan=\"4\" width=\"131\">121<\/td>\n<\/tr>\n<tr>\n<td width=\"622\">Les nouveaux cahiers \u2013 Pr\u00e9vention Sant\u00e9 Environnement 2de Bac Pro \u2013 (2019) Manuel \u00e9l\u00e8ve<\/p>\n<p>Biologie et microbiologie appliqu\u00e9e 2<sup>nde<\/sup>, 1<sup>\u00e8re<\/sup>, Tle BAC PRO ASSP (2019) \u2013 Pochette \u00e9l\u00e8ve<\/p>\n<p>Economie Gestion \u2013 2<sup>nde<\/sup>, 1<sup>\u00e8re<\/sup> et Tle Bac PRO ASSP et AEPA (2020) Pochette \u00e9l\u00e8ve<\/td>\n<\/tr>\n<tr>\n<td width=\"622\">Collection Entre-lignes 2nde BAC PRO Fran\u00e7ais \u2013 Nouveau programme 2019<\/td>\n<\/tr>\n<tr>\n<td width=\"622\">Collection Les Parcours Pro (Patrick Pique) 2nde Bac Pro Histoire-G\u00e9o\/EMC<\/td>\n<\/tr>\n<tr>\n<td rowspan=\"3\" width=\"111\">Seconde AEPA<\/td>\n<td width=\"622\">Les nouveaux cahiers \u2013 Pr\u00e9vention Sant\u00e9 Environnement 2de Bac Pro \u2013 (2019) Manuel \u00e9l\u00e8ve<\/p>\n<p>Economie Gestion \u2013 2<sup>nde<\/sup>, 1<sup>\u00e8re<\/sup> et Tle BAC PRO ASSP et AEPA (2020) pochette \u00e9l\u00e8ve<\/td>\n<td rowspan=\"3\" width=\"87\">84,2<\/td>\n<td rowspan=\"3\" width=\"131\">68<\/td>\n<\/tr>\n<tr>\n<td width=\"622\">Collection Entre-lignes 2nde BAC PRO Fran\u00e7ais \u2013 Nouveau programme 2019<\/td>\n<\/tr>\n<tr>\n<td width=\"622\">Collection Les Parcours Pro (Patrick Pique) 2nde Bac Pro Histoire-G\u00e9o\/EMC<\/td>\n<\/tr>\n<tr>\n<td rowspan=\"3\" width=\"111\">Premi\u00e8re ASSP<\/td>\n<td width=\"622\">Les nouveaux cahiers \u2013 Pr\u00e9vention Sant\u00e9 Environnement 1re-Te Bac Pro (2021) Livre \u00e9l\u00e8ve<\/td>\n<td rowspan=\"3\" width=\"87\">69,5<\/td>\n<td rowspan=\"3\" width=\"131\">56<\/td>\n<\/tr>\n<tr>\n<td width=\"622\">Collection Entre-lignes 1\u00e8re et Tle Bac Pro Fran\u00e7ais \u2013 Nouveau programme 2021<\/td>\n<\/tr>\n<tr>\n<td width=\"622\">Collection Les Parcours Pro (Patrick Pique) 1\u00e8re et Tle Bac Pro Histoire-G\u00e9o\/EMC<\/td>\n<\/tr>\n<tr>\n<td rowspan=\"6\" width=\"111\">Premi\u00e8re ASSP nouveaux \u00e9l\u00e8ves<\/td>\n<td width=\"622\">Sciences M\u00e9dico-Sociales (SMS) 2de, 1re, Tle Bac Pro ASSP (2019) &#8211; Pochette \u00e9l\u00e8ve<\/td>\n<td rowspan=\"6\" width=\"87\">183,5<\/td>\n<td rowspan=\"6\" width=\"131\">147<\/td>\n<\/tr>\n<tr>\n<td width=\"622\">Services \u00e0 l&rsquo;usager 2d\/1re\/Tle Bac Pro ASSP (2018) Livre \u00e9l\u00e8ve<\/td>\n<\/tr>\n<tr>\n<td width=\"622\">Les nouveaux cahiers \u2013 Pr\u00e9vention Sant\u00e9 Environnement 1re-Te Bac Pro (2021) Livre \u00e9l\u00e8ve<\/td>\n<\/tr>\n<tr>\n<td width=\"622\">Biologie et microbiologie appliqu\u00e9es 2de, 1\u00e8re, Tle Bac Pro ASSP (2019) \u2013 Pochette \u00e9l\u00e8ve<\/td>\n<\/tr>\n<tr>\n<td width=\"622\">Ergonomie Soins 2de, 1\u00e8re, Tle Bac Pro ASSP (2019) \u2013 pochette \u00e9l\u00e8ve<\/p>\n<p>Economie Gestion \u2013 1<sup>\u00e8re<\/sup> et Terminale BAC PRO ASSP et AEPA (2020) Pochette \u00e9l\u00e8ve<\/p>\n<p>Collection Entre-lignes 1\u00e8re et Tle Bac Pro Fran\u00e7ais \u2013 Nouveau programme 2021<\/td>\n<\/tr>\n<tr>\n<td width=\"622\">Collection Les Parcours Pro (Patrick Pique) 1\u00e8re et Tle Bac Pro Histoire-G\u00e9o\/EMC<\/td>\n<\/tr>\n<tr>\n<td rowspan=\"3\" width=\"111\">Premi\u00e8re AEPA<\/td>\n<td width=\"622\">Les nouveaux cahiers \u2013 Pr\u00e9vention Sant\u00e9 Environnement 1re-Te Bac Pro (2021) Livre \u00e9l\u00e8ve<\/td>\n<td rowspan=\"3\" width=\"87\">69,5<\/td>\n<td rowspan=\"3\" width=\"131\">56<\/td>\n<\/tr>\n<tr>\n<td width=\"622\">Collection Entre-lignes 1\u00e8re et Tle Bac Pro Fran\u00e7ais \u2013 Nouveau programme 2021<\/td>\n<\/tr>\n<tr>\n<td width=\"622\">Collection Les Parcours Pro (Patrick Pique) 1\u00e8re et Tle Bac Pro Histoire-G\u00e9o\/EMC<\/td>\n<\/tr>\n<tr>\n<td rowspan=\"4\" width=\"111\">Premi\u00e8re AEPA nouveaux \u00e9l\u00e8ves<\/td>\n<td width=\"622\">Les nouveaux cahiers \u2013 Pr\u00e9vention Sant\u00e9 Environnement 1re-Te Bac Pro (2021) Livre \u00e9l\u00e8ve<\/td>\n<td rowspan=\"4\" width=\"87\">89,5<\/td>\n<td rowspan=\"4\" width=\"131\">72<\/td>\n<\/tr>\n<tr>\n<td width=\"622\">Economie Gestion \u2013 1<sup>\u00e8re<\/sup> et Terminale BAC PRO ASSP et AEPA (2020) Pochette \u00e9l\u00e8ve<\/td>\n<\/tr>\n<tr>\n<td width=\"622\">Collection Entre-lignes 1\u00e8re et Tle Bac Pro Fran\u00e7ais \u2013 Nouveau programme 2021<\/td>\n<\/tr>\n<tr>\n<td width=\"622\">Collection Les Parcours Pro (Patrick Pique) 1\u00e8re et Tle Bac Pro Histoire-G\u00e9o\/EMC<\/td>\n<\/tr>\n<tr>\n<td width=\"111\">Terminale ASSP<\/td>\n<td width=\"622\">Collection Les Parcours Pro (Patrick Pique) Tle Bac Pro Histoire-G\u00e9o\/EMC<\/td>\n<td width=\"87\">19,9<\/td>\n<td width=\"131\">16<\/td>\n<\/tr>\n<tr>\n<td rowspan=\"2\" width=\"111\">Terminale ASSP redoublant<\/td>\n<td width=\"622\">Economie Gestion \u2013 1<sup>\u00e8re<\/sup> et Terminale BAC PRO ASSP et AEPA (2020) Pochette \u00e9l\u00e8ve<\/p>\n<p>Collection Entre-lignes 1\u00e8re et Tle Bac Pro Fran\u00e7ais \u2013 (2020)<\/td>\n<td rowspan=\"2\" width=\"87\">65.8<\/td>\n<td width=\"131\">53<\/td>\n<\/tr>\n<tr>\n<td width=\"622\">Collection Les Parcours Pro (Patrick Pique) Tle Bac Pro Histoire-G\u00e9o\/EMC<\/td>\n<td width=\"131\"><\/td>\n<\/tr>\n<tr>\n<td width=\"111\">Terminale SPVL<\/td>\n<td width=\"622\">Collection Les Parcours Pro (Patrick Pique) Tle Bac Pro Histoire-G\u00e9o\/EMC<\/td>\n<td width=\"87\">19,9<\/td>\n<td width=\"131\">16<\/td>\n<\/tr>\n<tr>\n<td rowspan=\"2\" width=\"111\">Terminale SPVL Redoublant<\/td>\n<td width=\"622\">Collection Entre-lignes 1\u00e8re et Tle Bac Pro Fran\u00e7ais \u2013 (2020)<\/td>\n<td rowspan=\"2\" width=\"87\">45.8<\/td>\n<td rowspan=\"2\" width=\"131\">37<\/td>\n<\/tr>\n<tr>\n<td width=\"622\">Collection Les Parcours Pro (Patrick Pique) Tle Bac Pro Histoire-G\u00e9o\/EMC<\/td>\n<\/tr>\n<\/tbody>\n<\/table>\n<p>&nbsp;<\/p>\n<p>L\u2019achat du pack correspondant \u00e0 la classe de votre enfant se fera aupr\u00e8s de la Coop\u00e9rative du Lyc\u00e9e en remplissant le bordereau joint au dossier d\u2019inscription administratif et en y joignant le paiement par ch\u00e8que <strong>\u00e0 l\u2019ordre suivant \u00ab\u00a0Coop\u00e9rative Lyc\u00e9e Valentine LABBE\u00a0\u00bb<\/strong> (voir facilit\u00e9s de paiement sur le bordereau). <strong>Ne pas oublier de noter les nom, pr\u00e9nom et classe de l\u2019\u00e9l\u00e8ve derri\u00e8re le ch\u00e8que.<\/strong><\/p>\n<p>&nbsp;<\/p>\n<p><strong>Pour rappel, vous ne pourrez b\u00e9n\u00e9ficier du prix pr\u00e9f\u00e9rentiel de la Coop\u00e9rative lyc\u00e9enne qu&rsquo;en adh\u00e9rant \u00e0 la coop\u00e9rative.<\/strong><\/p>\n<p><strong>La livraison se fera le jour de la pr\u00e9-rentr\u00e9e directement aupr\u00e8s de votre enfant au Lyc\u00e9e. Merci de pr\u00e9voir un sac pour la r\u00e9ception.<\/strong><\/p>\n<p>&nbsp;<\/p>\n<p><strong>\u2192 Achat de livre d&rsquo;Anglais pour les secondes G\u00e9n\u00e9rale et Technologique\u00a0:<\/strong><\/p>\n<p><strong><em>En attente d\u2019informations compl\u00e9mentaires <\/em><\/strong><\/p>\n<p><strong>\u00a0<\/strong><\/p>\n<p><strong>\u2192 Achat de Blouse pour le lyc\u00e9e G\u00e9n\u00e9ral et Technologique<\/strong><\/p>\n<p>&nbsp;<\/p>\n<p>Le port de la blouse \u00e9tant obligatoire dans les diff\u00e9rents laboratoires, nous vous proposons de pouvoir acheter celle(s)-ci directement lors de votre inscription aupr\u00e8s de notre fournisseur.<\/p>\n<p>Le tarif pratiqu\u00e9 est sp\u00e9cialement r\u00e9serv\u00e9 aux \u00e9l\u00e8ves adh\u00e9rents du Lyc\u00e9e soit 16 \u20ac l\u2019unit\u00e9 (contre 22 euros 46 dans le commerce). La blouse sera brod\u00e9e au nom du Lyc\u00e9e Valentine LABBE.<\/p>\n<p>Afin de faciliter votre commande, vous trouverez ci-dessous un tableau de mesures et des tailles.<\/p>\n<table width=\"1047\">\n<tbody>\n<tr>\n<td width=\"155\">Tour de poitrine<\/td>\n<td width=\"53\">78\/82<\/td>\n<td width=\"64\">82\/86<\/td>\n<td width=\"69\">86\/90<\/td>\n<td width=\"64\">90\/94<\/td>\n<td width=\"65\">94\/98<\/td>\n<td width=\"71\">98\/102<\/td>\n<td width=\"75\">102\/106<\/td>\n<td width=\"69\">106\/110<\/td>\n<td width=\"73\">110\/116<\/td>\n<td width=\"67\">116\/12<\/td>\n<td width=\"69\">122\/128<\/td>\n<td width=\"79\">128\/134<\/td>\n<td width=\"76\">134\/140<\/td>\n<\/tr>\n<tr>\n<td width=\"155\">Tour de taille<\/td>\n<td width=\"53\">58\/62<\/td>\n<td width=\"64\">62\/66<\/td>\n<td width=\"69\">66\/70<\/td>\n<td width=\"64\">70\/74<\/td>\n<td width=\"65\">74\/78<\/td>\n<td width=\"71\">78\/82<\/td>\n<td width=\"75\">82\/86<\/td>\n<td width=\"69\">86\/90<\/td>\n<td width=\"73\">90\/98<\/td>\n<td width=\"67\">98\/106<\/td>\n<td width=\"69\">106\/114<\/td>\n<td width=\"79\">114\/122<\/td>\n<td width=\"76\">122\/130<\/td>\n<\/tr>\n<tr>\n<td width=\"155\">Tour de bassin<\/td>\n<td width=\"53\">84\/88<\/td>\n<td width=\"64\">88\/92<\/td>\n<td width=\"69\">92\/96<\/td>\n<td width=\"64\">96\/100<\/td>\n<td width=\"65\">100\/104<\/td>\n<td width=\"71\">104\/108<\/td>\n<td width=\"75\">108\/112<\/td>\n<td width=\"69\">112\/116<\/td>\n<td width=\"73\">116\/122<\/td>\n<td width=\"67\">122\/128<\/td>\n<td width=\"69\">128\/134<\/td>\n<td width=\"79\">134\/140<\/td>\n<td width=\"76\">140\/146<\/td>\n<\/tr>\n<tr>\n<td width=\"155\">Taille \u00e0 commander<\/td>\n<td colspan=\"2\" width=\"116\"><strong>0<\/strong><\/td>\n<td width=\"69\"><strong>1<\/strong><\/td>\n<td colspan=\"2\" width=\"129\"><strong>2<\/strong><\/td>\n<td colspan=\"2\" width=\"146\"><strong>3<\/strong><\/td>\n<td colspan=\"2\" width=\"141\"><strong>4<\/strong><\/td>\n<td colspan=\"2\" width=\"136\"><strong>5<\/strong><\/td>\n<td colspan=\"2\" width=\"155\"><strong>6<\/strong><\/td>\n<\/tr>\n<\/tbody>\n<\/table>\n<p>&nbsp;<\/p>\n<p>L\u2019achat de blouse(s) se fera aupr\u00e8s de la Coop\u00e9rative du Lyc\u00e9e en remplissant le bordereau joint au dossier d\u2019inscription administratif et en y joignant le paiement par ch\u00e8que <strong>\u00e0 l\u2019ordre suivant \u00ab\u00a0Coop\u00e9rative Lyc\u00e9e Valentine LABBE\u00a0\u00bb<\/strong>. <strong>Ne pas oublier de noter les nom, pr\u00e9nom et classe de l\u2019\u00e9l\u00e8ve derri\u00e8re le ch\u00e8que.<\/strong><\/p>\n<p><strong>Pour rappel, vous ne pourrez b\u00e9n\u00e9ficier du prix pr\u00e9f\u00e9rentiel de la Coop\u00e9rative lyc\u00e9enne qu&rsquo;en adh\u00e9rant \u00e0 la coop\u00e9rative.<\/strong><\/p>\n<p><strong>La livraison se fera directement aupr\u00e8s de votre enfant au Lyc\u00e9e.<\/strong><\/p>\n<p>&nbsp;<\/p>\n<p>&nbsp;<\/p>\n<p><strong>\u2192 Voyages et sorties culturelles<\/strong><\/p>\n<p>&nbsp;<\/p>\n<p>Tous les ans des voyages sont organis\u00e9s en Espagne, Allemagne, Angleterre\u2026 Venez d\u00e9couvrir au travers de quelques photos les destinations propos\u00e9es au cours des derni\u00e8res ann\u00e9es.<\/p>\n<p>&nbsp;<\/p>\n<p>ESPAGNE\u00a0: SALAMANCA<\/p>\n<p>&nbsp;<\/p>\n<p>&nbsp;<\/p>\n<p>&nbsp;<\/p>\n<p>TARRAGONA<\/p>\n<p>ALLEMAGNE\u00a0: AIX-LA-CHAPELLE<\/p>\n<p><strong>\u2192 Projet en cours\u00a0: CONCOURS Cr\u00e9ation d\u2019un nouveau logo pour la COOP\u2019 pour les lyc\u00e9ens Bac Professionnel<\/strong><\/p>\n<p><strong>\u00a0<\/strong><\/p>\n<p>L\u2019association refaisant peau neuve avec le changement de nom, un concours verra le jour courant 2021-2022 pour r\u00e9aliser un nouveau logo pour la Coop\u00e9rative.<\/p>\n<p>Les modalit\u00e9s du concours seront \u00e9tablies ult\u00e9rieurement.<\/p>\n<p>&nbsp;<\/p>\n<p>&nbsp;<\/p>\n<p>&nbsp;<\/p>\n<p>&nbsp;<\/p>\n<p>&nbsp;<\/p>\n<p>&nbsp;<\/p>\n<p>&nbsp;<\/p>\n<p>&nbsp;<\/p>\n<p>&nbsp;<\/p>\n","protected":false},"excerpt":{"rendered":"<p>Pr\u00e9sentation de l\u2019Association \u00ab\u00a0Coop\u00e9rative Lyc\u00e9e Valentine LABBE\u00bb Concours LOGO : COOP L&rsquo;association Loi 1901 \u00ab\u00a0Foyer Socio-\u00e9ducatif du Lyc\u00e9e technique Valentine LABBE et C.E.T. Jumel\u00e9\u00a0\u00bb a \u00e9t\u00e9 cr\u00e9\u00e9e le 24 septembre 1971. Cette association d\u00e9pend de l&rsquo;OCCE\u00a0: Office Central de la Coop\u00e9ration \u00e0 l\u2019\u00c9cole\u00a0: association Loi 1901, reconnue d&rsquo;utilit\u00e9 publique et agr\u00e9\u00e9e au titre des associations&hellip; <br \/> <a class=\"read-more\" href=\"https:\/\/lycee-valentine-labbe.fr\/wordpress\/nos-associations\/association-coop\/\">Lire la suite<\/a><\/p>\n","protected":false},"author":1,"featured_media":1326,"parent":146,"menu_order":0,"comment_status":"closed","ping_status":"closed","template":"","meta":{"footnotes":""},"class_list":["post-108","page","type-page","status-publish","has-post-thumbnail","hentry"],"_links":{"self":[{"href":"https:\/\/lycee-valentine-labbe.fr\/wordpress\/wp-json\/wp\/v2\/pages\/108","targetHints":{"allow":["GET"]}}],"collection":[{"href":"https:\/\/lycee-valentine-labbe.fr\/wordpress\/wp-json\/wp\/v2\/pages"}],"about":[{"href":"https:\/\/lycee-valentine-labbe.fr\/wordpress\/wp-json\/wp\/v2\/types\/page"}],"author":[{"embeddable":true,"href":"https:\/\/lycee-valentine-labbe.fr\/wordpress\/wp-json\/wp\/v2\/users\/1"}],"replies":[{"embeddable":true,"href":"https:\/\/lycee-valentine-labbe.fr\/wordpress\/wp-json\/wp\/v2\/comments?post=108"}],"version-history":[{"count":6,"href":"https:\/\/lycee-valentine-labbe.fr\/wordpress\/wp-json\/wp\/v2\/pages\/108\/revisions"}],"predecessor-version":[{"id":1331,"href":"https:\/\/lycee-valentine-labbe.fr\/wordpress\/wp-json\/wp\/v2\/pages\/108\/revisions\/1331"}],"up":[{"embeddable":true,"href":"https:\/\/lycee-valentine-labbe.fr\/wordpress\/wp-json\/wp\/v2\/pages\/146"}],"wp:featuredmedia":[{"embeddable":true,"href":"https:\/\/lycee-valentine-labbe.fr\/wordpress\/wp-json\/wp\/v2\/media\/1326"}],"wp:attachment":[{"href":"https:\/\/lycee-valentine-labbe.fr\/wordpress\/wp-json\/wp\/v2\/media?parent=108"}],"curies":[{"name":"wp","href":"https:\/\/api.w.org\/{rel}","templated":true}]}}