{"id":10,"date":"2021-07-20T17:37:42","date_gmt":"2021-07-20T15:37:42","guid":{"rendered":"https:\/\/lycee-valentine-labbe.fr\/wordpress\/mesmerize\/"},"modified":"2026-04-15T18:07:02","modified_gmt":"2026-04-15T16:07:02","slug":"mesmerize","status":"publish","type":"page","link":"https:\/\/lycee-valentine-labbe.fr\/wordpress\/","title":{"rendered":"Accueil"},"content":{"rendered":"<div data-label=\"Latest-news\" data-id=\"latest_news--1\" data-export-id=\"blog-section\" data-category=\"latest_news\" class=\"blog-section blog-section-standard content-section content-section-spacing\" id=\"latest_news-1\" style=\"background-color: #f5fafd; background-image: none;\">\r\n<div class=\"gridContainer\">\r\n<div class=\"row\">\r\n<div data-type=\"column\" class=\"section-title-col\">\r\n<h2 class=\"\">Actualit\u00e9s<\/h2>\r\n<\/div>\r\n<\/div>\r\n<div class=\"row\">\r\n<div data-type=\"row\" data-dynamic-columns=\"handled\" data-content-shortcode=\"mesmerize_latest_news\">\t\t<div class=\"row center-sm content-left-sm\">\n\t\t\t\t\t<div id=\"post-2310\" class=\"col-sm-6 col-md-4 space-bottom space-bottom-xs\">\n\t\t\t\t<div class=\"post-content card y-move bordered\">\n\t\t\t\t\t<div class=\"post-thumbnail\">\n   <a href=\"https:\/\/lycee-valentine-labbe.fr\/wordpress\/2026\/01\/29\/reunion-orientation-2nd-10-fevrier-2026\/\" class=\"post-list-item-thumb \">\n      <img loading=\"lazy\" decoding=\"async\" width=\"1024\" height=\"682\" src=\"https:\/\/lycee-valentine-labbe.fr\/wordpress\/wp-content\/uploads\/2024\/01\/Reunion-dinformation-logo-1024x682.jpg\" class=\"attachment-post-thumbnail size-post-thumbnail wp-post-image\" alt=\"\" srcset=\"https:\/\/lycee-valentine-labbe.fr\/wordpress\/wp-content\/uploads\/2024\/01\/Reunion-dinformation-logo-1024x682.jpg 1024w, https:\/\/lycee-valentine-labbe.fr\/wordpress\/wp-content\/uploads\/2024\/01\/Reunion-dinformation-logo-300x200.jpg 300w, https:\/\/lycee-valentine-labbe.fr\/wordpress\/wp-content\/uploads\/2024\/01\/Reunion-dinformation-logo-768x512.jpg 768w, https:\/\/lycee-valentine-labbe.fr\/wordpress\/wp-content\/uploads\/2024\/01\/Reunion-dinformation-logo-1536x1023.jpg 1536w, https:\/\/lycee-valentine-labbe.fr\/wordpress\/wp-content\/uploads\/2024\/01\/Reunion-dinformation-logo-2048x1364.jpg 2048w, https:\/\/lycee-valentine-labbe.fr\/wordpress\/wp-content\/uploads\/2024\/01\/Reunion-dinformation-logo-1622x1080.jpg 1622w\" sizes=\"auto, (max-width: 1024px) 100vw, 1024px\" \/>   <\/a>\n<\/div>\n\t\t\t\t\t<div class=\"col-padding col-padding-xs\">\n\t\t\t\t\t\t<h3 class=\"post-title space-bottom-small\">\n\t\t\t\t\t\t\t<a href=\"https:\/\/lycee-valentine-labbe.fr\/wordpress\/2026\/01\/29\/reunion-orientation-2nd-10-fevrier-2026\/\" rel=\"bookmark\">\n\t\t\t\t\t\t\t\tR\u00e9union Orientation 2nd : 10 F\u00e9vrier 2026\t\t\t\t\t\t\t<\/a>\n\t\t\t\t\t\t<\/h3>\n\t\t\t\t\t\t<p>&nbsp; R\u00e9union Orientation 2nd : 10 F\u00e9vrier 2026 &nbsp;<\/p>\n\t\t\t\t\t\t<a class=\"read-more link\" href=\"https:\/\/lycee-valentine-labbe.fr\/wordpress\/2026\/01\/29\/reunion-orientation-2nd-10-fevrier-2026\/\">\n\t\t\t\t\t\t\tRead more\t\t\t\t\t\t<\/a>\n\t\t\t\t\t<\/div>\n\t\t\t\t<\/div>\n\t\t\t<\/div>\n\t\t\t\t\t\t<div id=\"post-2297\" class=\"col-sm-6 col-md-4 space-bottom space-bottom-xs\">\n\t\t\t\t<div class=\"post-content card y-move bordered\">\n\t\t\t\t\t<div class=\"post-thumbnail\">\n   <a href=\"https:\/\/lycee-valentine-labbe.fr\/wordpress\/2026\/01\/27\/jpo-virtuelles-cpge-tb\/\" class=\"post-list-item-thumb \">\n      <img loading=\"lazy\" decoding=\"async\" width=\"1024\" height=\"709\" src=\"https:\/\/lycee-valentine-labbe.fr\/wordpress\/wp-content\/uploads\/2026\/01\/Boite_de_reception_\u2014_info_vlabbe_gmail_com-1024x709.jpg\" class=\"attachment-post-thumbnail size-post-thumbnail wp-post-image\" alt=\"\" srcset=\"https:\/\/lycee-valentine-labbe.fr\/wordpress\/wp-content\/uploads\/2026\/01\/Boite_de_reception_\u2014_info_vlabbe_gmail_com-1024x709.jpg 1024w, https:\/\/lycee-valentine-labbe.fr\/wordpress\/wp-content\/uploads\/2026\/01\/Boite_de_reception_\u2014_info_vlabbe_gmail_com-300x208.jpg 300w, https:\/\/lycee-valentine-labbe.fr\/wordpress\/wp-content\/uploads\/2026\/01\/Boite_de_reception_\u2014_info_vlabbe_gmail_com-768x532.jpg 768w, https:\/\/lycee-valentine-labbe.fr\/wordpress\/wp-content\/uploads\/2026\/01\/Boite_de_reception_\u2014_info_vlabbe_gmail_com.jpg 1364w\" sizes=\"auto, (max-width: 1024px) 100vw, 1024px\" \/>   <\/a>\n<\/div>\n\t\t\t\t\t<div class=\"col-padding col-padding-xs\">\n\t\t\t\t\t\t<h3 class=\"post-title space-bottom-small\">\n\t\t\t\t\t\t\t<a href=\"https:\/\/lycee-valentine-labbe.fr\/wordpress\/2026\/01\/27\/jpo-virtuelles-cpge-tb\/\" rel=\"bookmark\">\n\t\t\t\t\t\t\t\tJPO virtuelles  CPGE TB\t\t\t\t\t\t\t<\/a>\n\t\t\t\t\t\t<\/h3>\n\t\t\t\t\t\t<p>&nbsp; &nbsp; &nbsp; &nbsp; &nbsp; &nbsp; Mardi 3 f\u00e9vrier \u00e0 18h et lundi 9 mars \u00e0 18h. Le lien est le suivant : https:\/\/visio-agents.education.fr\/meeting\/signin\/invite\/386726\/creator\/183341\/hash\/7fa362e491db6e84a12a51fa9f506b58ed44ddce &nbsp;<\/p>\n\t\t\t\t\t\t<a class=\"read-more link\" href=\"https:\/\/lycee-valentine-labbe.fr\/wordpress\/2026\/01\/27\/jpo-virtuelles-cpge-tb\/\">\n\t\t\t\t\t\t\tRead more\t\t\t\t\t\t<\/a>\n\t\t\t\t\t<\/div>\n\t\t\t\t<\/div>\n\t\t\t<\/div>\n\t\t\t\t\t\t<div id=\"post-2273\" class=\"col-sm-6 col-md-4 space-bottom space-bottom-xs\">\n\t\t\t\t<div class=\"post-content card y-move bordered\">\n\t\t\t\t\t<div class=\"post-thumbnail\">\n   <a href=\"https:\/\/lycee-valentine-labbe.fr\/wordpress\/2025\/12\/17\/journees-portes-ouvertes-2026\/\" class=\"post-list-item-thumb \">\n      <img loading=\"lazy\" decoding=\"async\" width=\"1024\" height=\"1447\" src=\"https:\/\/lycee-valentine-labbe.fr\/wordpress\/wp-content\/uploads\/2025\/12\/PORTES-OUVERTES-2026-1024x1447.png\" class=\"attachment-post-thumbnail size-post-thumbnail wp-post-image\" alt=\"\" srcset=\"https:\/\/lycee-valentine-labbe.fr\/wordpress\/wp-content\/uploads\/2025\/12\/PORTES-OUVERTES-2026-1024x1447.png 1024w, https:\/\/lycee-valentine-labbe.fr\/wordpress\/wp-content\/uploads\/2025\/12\/PORTES-OUVERTES-2026-212x300.png 212w, https:\/\/lycee-valentine-labbe.fr\/wordpress\/wp-content\/uploads\/2025\/12\/PORTES-OUVERTES-2026-725x1024.png 725w, https:\/\/lycee-valentine-labbe.fr\/wordpress\/wp-content\/uploads\/2025\/12\/PORTES-OUVERTES-2026-768x1085.png 768w, https:\/\/lycee-valentine-labbe.fr\/wordpress\/wp-content\/uploads\/2025\/12\/PORTES-OUVERTES-2026-1087x1536.png 1087w, https:\/\/lycee-valentine-labbe.fr\/wordpress\/wp-content\/uploads\/2025\/12\/PORTES-OUVERTES-2026-1449x2048.png 1449w, https:\/\/lycee-valentine-labbe.fr\/wordpress\/wp-content\/uploads\/2025\/12\/PORTES-OUVERTES-2026-764x1080.png 764w, https:\/\/lycee-valentine-labbe.fr\/wordpress\/wp-content\/uploads\/2025\/12\/PORTES-OUVERTES-2026-scaled.png 1811w\" sizes=\"auto, (max-width: 1024px) 100vw, 1024px\" \/>   <\/a>\n<\/div>\n\t\t\t\t\t<div class=\"col-padding col-padding-xs\">\n\t\t\t\t\t\t<h3 class=\"post-title space-bottom-small\">\n\t\t\t\t\t\t\t<a href=\"https:\/\/lycee-valentine-labbe.fr\/wordpress\/2025\/12\/17\/journees-portes-ouvertes-2026\/\" rel=\"bookmark\">\n\t\t\t\t\t\t\t\tJourn\u00e9es Portes Ouvertes 2026\t\t\t\t\t\t\t<\/a>\n\t\t\t\t\t\t<\/h3>\n\t\t\t\t\t\t<p>Journ\u00e9es Portes Ouvertes 2026 &nbsp; &nbsp;<\/p>\n\t\t\t\t\t\t<a class=\"read-more link\" href=\"https:\/\/lycee-valentine-labbe.fr\/wordpress\/2025\/12\/17\/journees-portes-ouvertes-2026\/\">\n\t\t\t\t\t\t\tRead more\t\t\t\t\t\t<\/a>\n\t\t\t\t\t<\/div>\n\t\t\t\t<\/div>\n\t\t\t<\/div>\n\t\t\t\t<\/div>\n\t<\/div>\r\n<\/div>\r\n<div class=\"row\">\r\n<div class=\"text-center\"><a class=\"button color1\" data-attr-shortcode=\"href:mesmerize_blog_link\" href=\"https:\/\/lycee-valentine-labbe.fr\/wordpress\/?post_type=post\">SEE ALL BLOG POSTS<\/a><\/div>\r\n<\/div>\r\n<\/div>\r\n<\/div>\r\n<div data-label=\"ENT Pronote\" data-id=\"cta--1\" data-export-id=\"cta-blue-section\" data-category=\"cta\" class=\"cta-blue-section content-section content-section-spacing-medium bg-color1 white-text\" id=\"ent-pronote\">\r\n<div class=\"gridContainer\">\r\n<div class=\"row middle-xs\">\r\n<div class=\"col-sm-8 space-bottom-xs\" data-type=\"column\">\r\n<h2 class=\"\">Information ENT \/ Pronote<\/h2>\r\n<\/div>\r\n<div class=\"col-sm-4 end-sm\" data-type=\"column\"><a class=\"button color2\" href=\"https:\/\/lycee-valentine-labbe.fr\/wordpress\/information-ent-espace-numerique-de-travail\" target=\"_blank\" data-cp-link=\"1\" rel=\"noopener\">Information<\/a><\/div>\r\n<\/div>\r\n<\/div>\r\n<\/div>\r\n<div data-label=\"Overlappable\" data-id=\"overlappable--1\" data-export-id=\"overlappable-4\" data-category=\"overlappable\" class=\"overlappable-4 content-section content-section-spacing\" data-overlap=\"true\" id=\"overlappable-1\" style=\"background-color: #ffffff;\">\r\n<div class=\"gridContainer\">\r\n<div data-type=\"row\" class=\"row spaced-cols text-center\">\r\n<div class=\"col-xs-12 col-sm-4 col-padding col-md-3 \">\r\n\r\n<i class=\"fa icon fa-clone large shadow-large-black round aligncenter reverse color1\"><\/i>\r\n<div data-type=\"column\" class=\"\">\r\n<h5 class=\"\">Lyc\u00e9e G\u00e9n\u00e9ral et Technologique<\/h5>\r\n<a class=\"button blue\" href=\"https:\/\/lycee-valentine-labbe.fr\/wordpress\/2nd\" target=\"_blank\" data-cp-link=\"1\" rel=\"noopener\">2nd<\/a><a class=\"button blue\" href=\"https:\/\/lycee-valentine-labbe.fr\/wordpress\/1ere-terminale-generale\" target=\"_blank\" data-cp-link=\"1\" rel=\"noopener\">Fili\u00e8re G\u00e9n\u00e9rales<\/a><a class=\"button blue\" href=\"https:\/\/lycee-valentine-labbe.fr\/wordpress\/1ere-terminale-technologique\" target=\"_blank\" data-cp-link=\"1\" rel=\"noopener\">Fili\u00e8re Technologiques \u00a0ST2S STL SPCL<\/a>\r\n\r\n<\/div>\r\n<\/div>\r\n<div class=\"col-xs-12 col-sm-4 col-padding col-md-3 \">\r\n\r\n<i class=\"fa icon shadow-large-black aligncenter color1 fa-hospital-o reverse round large\"><\/i>\r\n<div data-type=\"column\" class=\"\">\r\n<h5 class=\"\">P\u00f4le Sant\u00e9<\/h5>\r\n<a class=\"button blue\" href=\"https:\/\/www.ifsi-ifas-valentine-labbe.fr\/index.php\/formation-soins-infirmiers\/\" target=\"_blank\" data-cp-link=\"1\" rel=\"noopener\">Infirmier (IFSI IDE)<\/a><a class=\"button blue\" href=\"http:\/\/ifsi-ifas-valentine-labbe.fr\/formation-aide-soignante\" target=\"_blank\" data-cp-link=\"1\" rel=\"noopener\">Aide-Soignant (IFAS)<\/a><a class=\"button blue\" href=\"https:\/\/www.ifsi-ifas-valentine-labbe.fr\/index.php\/formation-manipulateur-en-electroradiologie-medicale\/\" target=\"_blank\" data-cp-link=\"1\" rel=\"noopener\">Manipulateur d\u2019Electrologie M\u00e9dicale (IMRT)<\/a><a class=\"button blue\" href=\"https:\/\/www.ifsi-ifas-valentine-labbe.fr\/index.php\/formation-auxiliaire-de-puericulture\/\" target=\"_blank\" data-cp-link=\"1\" rel=\"noopener\">Auxiliaire de Pu\u00e9riculture (AP)<\/a>\r\n\r\n<\/div>\r\n<\/div>\r\n<div class=\"col-xs-12 col-sm-4 col-padding col-md-3 \">\r\n\r\n<i class=\"fa icon shadow-large-black aligncenter color1 fa-flask reverse round large\"><\/i>\r\n<div data-type=\"column\" class=\"\">\r\n<h5 class=\"\">P\u00f4le Scientifique<\/h5>\r\n<a class=\"button blue\" href=\"https:\/\/lycee-valentine-labbe.fr\/wordpress\/bts-analyses-de-biologie-medicale\" target=\"_blank\" data-cp-link=\"1\" rel=\"noopener\">BTS Biologie M\u00e9dicale (BioMed)<\/a><a class=\"button blue\" href=\"https:\/\/lycee-valentine-labbe.fr\/wordpress\/bts-bioanalyses-et-controles\" target=\"_blank\" data-cp-link=\"1\" rel=\"noopener\">BTS BioAnalyses en Laboratoire de Contr\u00f4les (BIOALC)<\/a><a class=\"button blue\" href=\"https:\/\/lycee-valentine-labbe.fr\/wordpress\/bts-bioqualite\" target=\"_blank\" data-cp-link=\"1\" rel=\"noopener\">BTS BioQualit\u00e9<\/a><a class=\"button blue\" href=\"https:\/\/lycee-valentine-labbe.fr\/wordpress\/bts-biotechnologies\" target=\"_blank\" data-cp-link=\"1\" rel=\"noopener\">BTS Biotechnologies en Recherche et en Production (BiotechRP)<\/a><a class=\"button blue\" href=\"https:\/\/lycee-valentine-labbe.fr\/wordpress\/prepa-tb-cpge-technologie-biologie\" target=\"_blank\" data-cp-link=\"1\" rel=\"noopener\">Classe Pr\u00e9pa Technologie Biologie (CPGE)<\/a>\r\n\r\n<\/div>\r\n<\/div>\r\n<div class=\"col-xs-12 col-sm-4 col-padding col-md-3\">\r\n\r\n<i class=\"fa icon shadow-large-black aligncenter color1 fa-handshake-o reverse round large\"><\/i>\r\n<div data-type=\"column\" class=\"\">\r\n<h5 class=\"\">P\u00f4le Social<\/h5>\r\n<a class=\"button blue\" href=\"https:\/\/lycee-valentine-labbe.fr\/wordpress\/cap-accompagnement-educatif-petite-enfance-aepe\" target=\"_blank\" data-cp-link=\"1\" rel=\"noopener\">CAP Accompagnement Educatif Petite Enfance (AEPE)<\/a><a class=\"button blue\" href=\"https:\/\/lycee-valentine-labbe.fr\/wordpress\/nos-formations\/pole-social\/bac-pro-animation-enfance-et-personnes-agees-aepa\" target=\"_blank\" data-cp-link=\"1\" rel=\"noopener\">BAC PRO Animation Enfance et Personnes Ag\u00e9es (AEPA)<\/a><a class=\"button blue\" href=\"https:\/\/lycee-valentine-labbe.fr\/wordpress\/bac-pro-accompagnement-soins-et-services-a-la-personne-a2sp\" target=\"_blank\" data-cp-link=\"1\" rel=\"noopener\">BAC PRO Accompagnements Soins et Services \u00e0 la Personne (A2SPS)<\/a><a class=\"button blue\" href=\"https:\/\/lycee-valentine-labbe.fr\/wordpress\/bts-services-et-prestations-des-secteurs-sanitaire-et-social\" target=\"_blank\" data-cp-link=\"1\" rel=\"noopener\">BTS Services et Prestations des Secteurs Sanitaire et Social (SP3S)<\/a><a class=\"button blue\" href=\"https:\/\/lycee-valentine-labbe.fr\/wordpress\/nos-formations\/pole-social\/bts-economie-sociale-et-familiale\" target=\"_blank\" data-cp-link=\"1\" rel=\"noopener\">BTS Economie Sociale Familiale (ESF)<\/a>\r\n\r\n<\/div>\r\n<\/div>\r\n<\/div>\r\n<\/div>\r\n<\/div>\r\n<div data-label=\"Features\" data-id=\"features--1\" data-export-id=\"features-13-card-bordered\" data-category=\"features\" class=\"features-13 content-section content-section-spacing\" id=\"features-1\" style=\"background-color: #ffffff;\">\r\n<div class=\"gridContainer\">\r\n<div class=\"row text-center\">\r\n<div class=\"section-title-col\" data-type=\"column\"><\/div>\r\n<\/div>\r\n<div class=\"row spaced-cols content-center-sm center-sm\" data-type=\"row\">\r\n<div class=\"col-sm-4 col-md-6 \">\r\n<div class=\"card bordered y-move\" data-type=\"column\">\r\n\r\n<i class=\"fa icon fa-codepen big round reverse color1\"><\/i>\r\n<h4 class=\"\">Lyc\u00e9en<\/h4>\r\n<a class=\"button blue\" href=\"https:\/\/lycee-valentine-labbe.fr\/wordpress\/information-ent-espace-numerique-de-travail\" target=\"_blank\" data-cp-link=\"1\" rel=\"noopener\">ENT (Pronote)<\/a><a class=\"button blue\" href=\"https:\/\/lycee-valentine-labbe.fr\/wordpress\/nos-associations\/association-coop\" target=\"_blank\" data-cp-link=\"1\" rel=\"noopener\">Association COOP <\/a><a class=\"link\" href=\"https:\/\/lycee-valentine-labbe.fr\/wordpress\/vie-de-letablissement\/information-lyceen\" target=\"_blank\" data-cp-link=\"1\" rel=\"noopener\">Information <\/a>\r\n\r\n<a class=\"button blue\" href=\"https:\/\/lycee-valentine-labbe.fr\/wordpress\/nos-associations\/association-parents-des-eleves\" target=\"_blank\" data-cp-link=\"1\" rel=\"noopener\">Association Parents des El\u00e8ves<\/a>\r\n\r\n<\/div>\r\n<\/div>\r\n<div class=\"col-sm-4 col-md-6 \">\r\n<div class=\"card bordered y-move\" data-type=\"column\">\r\n\r\n<i class=\"fa icon fa-codepen big round reverse color1\"><\/i>\r\n<h4 class=\"\">Etudiant<\/h4>\r\n<a class=\"button blue\" href=\"https:\/\/www.crous-lille.fr\/publications-crous-lille\" target=\"_blank\" data-cp-link=\"1\" rel=\"noopener\">Le CROUS<\/a><a class=\"button blue\" href=\"https:\/\/lycee-valentine-labbe.fr\/wordpress\/information-ent-espace-numerique-de-travail\" target=\"_blank\" data-cp-link=\"1\" rel=\"noopener\">ENT (Pronote)<\/a><a class=\"button blue\" href=\"https:\/\/lycee-valentine-labbe.fr\/wordpress\/nos-associations\/association-aeval\" target=\"_blank\" data-cp-link=\"1\" rel=\"noopener\">AEVAL<\/a><a class=\"link\" href=\"https:\/\/lycee-valentine-labbe.fr\/wordpress\/vie-de-letablissement\/information-etudiant\" target=\"_blank\" data-cp-link=\"1\" rel=\"noopener\">Information<\/a>\r\n\r\n<\/div>\r\n<\/div>\r\n<\/div>\r\n<\/div>\r\n<\/div>\r\n<div data-label=\"About\" data-id=\"about--1\" data-export-id=\"about-1\" data-category=\"about\" class=\"about-1 content-section\" id=\"about-1\" style=\"background-color: #f5fafd;\">\r\n<div class=\"gridContainer\">\r\n<div class=\"row text-center\">\r\n<div class=\"section-title-col\" data-type=\"column\">\r\n<h2 class=\"\">Le Campus Valentine LABBE<\/h2>\r\n<\/div>\r\n<\/div>\r\n<div class=\"row\">\r\n<div class=\"button-holder space-bottom space-bottom-small\" data-type=\"column\"><\/div>\r\n<div class=\"col-xs bottom-xs flexbox image-group-bottom-3-img space-bottom-xs center-xs\"><img decoding=\"async\" class=\"left-img shadow-large-black\" data-size=\"500x300\" src=\"https:\/\/lycee-valentine-labbe.fr\/wordpress\/wp-content\/uploads\/2021\/07\/cropped-cropped-cropped-cropped-cropped-2018_10_10_axo_2-scaled-1-1.jpg\" title=\"cropped-cropped-cropped-cropped-cropped-2018_10_10_axo_2-scaled-1-1.jpg\" alt=\"\" \/> <img decoding=\"async\" class=\"center-img shadow-large-black\" data-size=\"500x300\" src=\"https:\/\/lycee-valentine-labbe.fr\/wordpress\/wp-content\/uploads\/2021\/07\/cropped-cropped-cropped-2018_10_18_vue2_A-002-scaled-1-1.jpg\" title=\"cropped-cropped-cropped-2018_10_18_vue2_A-002-scaled-1-1.jpg\" alt=\"\" \/> <a data-cp-link=\"1\" href=\"#\" class=\"right-img-anchor\"><img decoding=\"async\" class=\"right-img shadow-large-black\" data-size=\"500x300\" src=\"https:\/\/lycee-valentine-labbe.fr\/wordpress\/wp-content\/uploads\/2021\/07\/cropped-cropped-cropped-cropped-2018_10_10_axo_3-scaled-2-1.jpg\" title=\"cropped-cropped-cropped-cropped-2018_10_10_axo_3-scaled-2-1.jpg\" alt=\"\" \/><\/a><\/div>\r\n<\/div>\r\n<\/div>\r\n<\/div>","protected":false},"excerpt":{"rendered":"<p>Actualit\u00e9s SEE ALL BLOG POSTS Information ENT \/ Pronote Information Lyc\u00e9e G\u00e9n\u00e9ral et Technologique 2ndFili\u00e8re G\u00e9n\u00e9ralesFili\u00e8re Technologiques \u00a0ST2S STL SPCL P\u00f4le Sant\u00e9 Infirmier (IFSI IDE)Aide-Soignant (IFAS)Manipulateur d\u2019Electrologie M\u00e9dicale (IMRT)Auxiliaire de Pu\u00e9riculture (AP) P\u00f4le Scientifique BTS Biologie M\u00e9dicale (BioMed)BTS BioAnalyses en Laboratoire de Contr\u00f4les (BIOALC)BTS BioQualit\u00e9BTS Biotechnologies en Recherche et en Production (BiotechRP)Classe Pr\u00e9pa Technologie Biologie&hellip; <br \/> <a class=\"read-more\" href=\"https:\/\/lycee-valentine-labbe.fr\/wordpress\/2025\/12\/17\/journees-portes-ouvertes-2026\/\">Lire la suite<\/a><\/p>\n","protected":false},"author":1,"featured_media":0,"parent":0,"menu_order":0,"comment_status":"closed","ping_status":"closed","template":"page-templates\/homepage.php","meta":{"footnotes":""},"class_list":["post-10","page","type-page","status-publish","hentry"],"_links":{"self":[{"href":"https:\/\/lycee-valentine-labbe.fr\/wordpress\/wp-json\/wp\/v2\/pages\/10","targetHints":{"allow":["GET"]}}],"collection":[{"href":"https:\/\/lycee-valentine-labbe.fr\/wordpress\/wp-json\/wp\/v2\/pages"}],"about":[{"href":"https:\/\/lycee-valentine-labbe.fr\/wordpress\/wp-json\/wp\/v2\/types\/page"}],"author":[{"embeddable":true,"href":"https:\/\/lycee-valentine-labbe.fr\/wordpress\/wp-json\/wp\/v2\/users\/1"}],"replies":[{"embeddable":true,"href":"https:\/\/lycee-valentine-labbe.fr\/wordpress\/wp-json\/wp\/v2\/comments?post=10"}],"version-history":[{"count":40,"href":"https:\/\/lycee-valentine-labbe.fr\/wordpress\/wp-json\/wp\/v2\/pages\/10\/revisions"}],"predecessor-version":[{"id":2345,"href":"https:\/\/lycee-valentine-labbe.fr\/wordpress\/wp-json\/wp\/v2\/pages\/10\/revisions\/2345"}],"wp:attachment":[{"href":"https:\/\/lycee-valentine-labbe.fr\/wordpress\/wp-json\/wp\/v2\/media?parent=10"}],"curies":[{"name":"wp","href":"https:\/\/api.w.org\/{rel}","templated":true}]}}